{"id":24463,"date":"2026-02-03T14:00:32","date_gmt":"2026-02-03T13:00:32","guid":{"rendered":"https:\/\/galerie-seydoux.fr\/?post_type=product&#038;p=24463"},"modified":"2026-03-19T15:06:39","modified_gmt":"2026-03-19T14:06:39","slug":"bernard-naudin-six-bois-composes-et-graves-au-canif-par-bernard-naudin-1920","status":"publish","type":"product","link":"https:\/\/galerie-seydoux.fr\/en\/collections\/bernard-naudin-six-bois-composes-et-graves-au-canif-par-bernard-naudin-1920\/","title":{"rendered":"Bernard NAUDIN &#8211; &#8220;Six bois compos\u00e9s et grav\u00e9s au canif par Bernard Naudin&#8221;, 1920"},"content":{"rendered":"<p>Recueil compos\u00e9 de six bois; le clown, l&#8217;homme orchestre, l&#8217;\u00e9cuy\u00e8re, la folle, le pirate, le vieil. La planche de titre (jaunie) numbered and signed \u00e0 la plume by the artist. Impressions on thin japan paper, chacune sous passe-partout de l&#8217;\u00e9poque. Le tout dans une chemise cartonn\u00e9e avec une vignette coll\u00e9e de l&#8217;artiste. Rare foxings \u00e0 la premi\u00e8re; la chemise cartonn\u00e9e a le dos d\u00e9chir\u00e9.<\/p>\n","protected":false},"excerpt":{"rendered":"<p>Recueil compos\u00e9 de six bois; le clown, l&#8217;homme orchestre, l&#8217;\u00e9cuy\u00e8re, la folle, le pirate, le vieil. La planche de titre (jaunie) numbered and signed \u00e0 la plume by the artist. Impressions on thin japan paper, chacune sous passe-partout de l&#8217;\u00e9poque. Le tout dans une chemise cartonn\u00e9e avec une vignette coll\u00e9e de l&#8217;artiste. Rare foxings \u00e0 [&hellip;]<\/p>\n","protected":false},"featured_media":24443,"template":"","meta":{"_acf_changed":false,"_et_pb_use_builder":"","_et_pb_old_content":"","_et_gb_content_width":"","inline_featured_image":false},"product_brand":[],"product_cat":[3679,3672,3674],"product_tag":[],"pa_product_author":[],"class_list":{"0":"post-24463","1":"product","2":"type-product","3":"status-publish","4":"has-post-thumbnail","6":"product_cat-20th-century","7":"product_cat-prints","8":"product_cat-french-school","10":"first","11":"instock","12":"shipping-taxable","13":"purchasable","14":"product-type-simple"},"acf":[],"_links":{"self":[{"href":"https:\/\/galerie-seydoux.fr\/en\/wp-json\/wp\/v2\/product\/24463","targetHints":{"allow":["GET"]}}],"collection":[{"href":"https:\/\/galerie-seydoux.fr\/en\/wp-json\/wp\/v2\/product"}],"about":[{"href":"https:\/\/galerie-seydoux.fr\/en\/wp-json\/wp\/v2\/types\/product"}],"wp:featuredmedia":[{"embeddable":true,"href":"https:\/\/galerie-seydoux.fr\/en\/wp-json\/wp\/v2\/media\/24443"}],"wp:attachment":[{"href":"https:\/\/galerie-seydoux.fr\/en\/wp-json\/wp\/v2\/media?parent=24463"}],"wp:term":[{"taxonomy":"product_brand","embeddable":true,"href":"https:\/\/galerie-seydoux.fr\/en\/wp-json\/wp\/v2\/product_brand?post=24463"},{"taxonomy":"product_cat","embeddable":true,"href":"https:\/\/galerie-seydoux.fr\/en\/wp-json\/wp\/v2\/product_cat?post=24463"},{"taxonomy":"product_tag","embeddable":true,"href":"https:\/\/galerie-seydoux.fr\/en\/wp-json\/wp\/v2\/product_tag?post=24463"},{"taxonomy":"pa_product_author","embeddable":true,"href":"https:\/\/galerie-seydoux.fr\/en\/wp-json\/wp\/v2\/pa_product_author?post=24463"}],"curies":[{"name":"wp","href":"https:\/\/api.w.org\/{rel}","templated":true}]}}