{"id":24279,"date":"2026-02-03T14:00:00","date_gmt":"2026-02-03T13:00:00","guid":{"rendered":"https:\/\/galerie-seydoux.fr\/?post_type=product&#038;p=24279"},"modified":"2026-03-19T15:15:22","modified_gmt":"2026-03-19T14:15:22","slug":"jacques-chereau-editeur-a-paris-puis-vendenbergue-la-superbe-eglise-de-sainte-croix-cathedrale-dorleans-ca-1770-copie","status":"publish","type":"product","link":"https:\/\/galerie-seydoux.fr\/en\/collections\/jacques-chereau-editeur-a-paris-puis-vendenbergue-la-superbe-eglise-de-sainte-croix-cathedrale-dorleans-ca-1770-copie\/","title":{"rendered":"Jacques CH\u00c9REAU editor in Paris then VENDENBERGUE &#8211; La superbe \u00e9glise de Sainte Croix cath\u00e9drale d&#8217;Orl\u00e9ans, ca 1770"},"content":{"rendered":"<p>Good impression in colors of the time. Some creases and slight marginal oxidation. Good margins.<\/p>\n","protected":false},"excerpt":{"rendered":"<p>Good impression in colors of the time. Some creases and slight marginal oxidation. Good margins.<\/p>\n","protected":false},"featured_media":24111,"template":"","meta":{"_acf_changed":false,"_et_pb_use_builder":"","_et_pb_old_content":"","_et_gb_content_width":"","inline_featured_image":false},"product_brand":[],"product_cat":[3673,3672,3674],"product_tag":[],"pa_product_author":[],"class_list":{"0":"post-24279","1":"product","2":"type-product","3":"status-publish","4":"has-post-thumbnail","6":"product_cat-18th-century","7":"product_cat-prints","8":"product_cat-french-school","10":"first","11":"instock","12":"shipping-taxable","13":"purchasable","14":"product-type-simple"},"acf":[],"_links":{"self":[{"href":"https:\/\/galerie-seydoux.fr\/en\/wp-json\/wp\/v2\/product\/24279","targetHints":{"allow":["GET"]}}],"collection":[{"href":"https:\/\/galerie-seydoux.fr\/en\/wp-json\/wp\/v2\/product"}],"about":[{"href":"https:\/\/galerie-seydoux.fr\/en\/wp-json\/wp\/v2\/types\/product"}],"wp:featuredmedia":[{"embeddable":true,"href":"https:\/\/galerie-seydoux.fr\/en\/wp-json\/wp\/v2\/media\/24111"}],"wp:attachment":[{"href":"https:\/\/galerie-seydoux.fr\/en\/wp-json\/wp\/v2\/media?parent=24279"}],"wp:term":[{"taxonomy":"product_brand","embeddable":true,"href":"https:\/\/galerie-seydoux.fr\/en\/wp-json\/wp\/v2\/product_brand?post=24279"},{"taxonomy":"product_cat","embeddable":true,"href":"https:\/\/galerie-seydoux.fr\/en\/wp-json\/wp\/v2\/product_cat?post=24279"},{"taxonomy":"product_tag","embeddable":true,"href":"https:\/\/galerie-seydoux.fr\/en\/wp-json\/wp\/v2\/product_tag?post=24279"},{"taxonomy":"pa_product_author","embeddable":true,"href":"https:\/\/galerie-seydoux.fr\/en\/wp-json\/wp\/v2\/pa_product_author?post=24279"}],"curies":[{"name":"wp","href":"https:\/\/api.w.org\/{rel}","templated":true}]}}