{"id":23989,"date":"2025-12-02T14:00:45","date_gmt":"2025-12-02T13:00:45","guid":{"rendered":"https:\/\/galerie-seydoux.fr\/?post_type=product&#038;p=23989"},"modified":"2026-01-29T17:37:49","modified_gmt":"2026-01-29T16:37:49","slug":"jacques-rigaud-veue-des-parterres-de-sceaux-et-du-grand-canal-dans-leloignement-veue-du-chateau-de-seaux-prise-du-haut-de-lallee-de-la-diane-ca-1736","status":"publish","type":"product","link":"https:\/\/galerie-seydoux.fr\/en\/collections\/jacques-rigaud-veue-des-parterres-de-sceaux-et-du-grand-canal-dans-leloignement-veue-du-chateau-de-seaux-prise-du-haut-de-lallee-de-la-diane-ca-1736\/","title":{"rendered":"Jacques RIGAUD &#8211; Veue des Parterres de Sceaux et du grand canal dans l&#8217;\u00e9loignement &#8211; Veue du ch\u00e2teau de Seaux prise du haut de l&#8217;all\u00e9e de la Diane, ca 1736"},"content":{"rendered":"<p>Two plates (of a set), good impressions trimmed at the platemark. Slight oxidation and some creases.<\/p>\n","protected":false},"excerpt":{"rendered":"<p>Two plates (of a set), good impressions trimmed at the platemark. Slight oxidation and some creases.<\/p>\n","protected":false},"featured_media":23811,"template":"","meta":{"_acf_changed":false,"_et_pb_use_builder":"","_et_pb_old_content":"","_et_gb_content_width":"","inline_featured_image":false},"product_brand":[],"product_cat":[3673,3672,3674],"product_tag":[],"pa_product_author":[],"class_list":{"0":"post-23989","1":"product","2":"type-product","3":"status-publish","4":"has-post-thumbnail","6":"product_cat-18th-century","7":"product_cat-prints","8":"product_cat-french-school","10":"first","11":"instock","12":"shipping-taxable","13":"purchasable","14":"product-type-simple"},"acf":[],"_links":{"self":[{"href":"https:\/\/galerie-seydoux.fr\/en\/wp-json\/wp\/v2\/product\/23989","targetHints":{"allow":["GET"]}}],"collection":[{"href":"https:\/\/galerie-seydoux.fr\/en\/wp-json\/wp\/v2\/product"}],"about":[{"href":"https:\/\/galerie-seydoux.fr\/en\/wp-json\/wp\/v2\/types\/product"}],"wp:featuredmedia":[{"embeddable":true,"href":"https:\/\/galerie-seydoux.fr\/en\/wp-json\/wp\/v2\/media\/23811"}],"wp:attachment":[{"href":"https:\/\/galerie-seydoux.fr\/en\/wp-json\/wp\/v2\/media?parent=23989"}],"wp:term":[{"taxonomy":"product_brand","embeddable":true,"href":"https:\/\/galerie-seydoux.fr\/en\/wp-json\/wp\/v2\/product_brand?post=23989"},{"taxonomy":"product_cat","embeddable":true,"href":"https:\/\/galerie-seydoux.fr\/en\/wp-json\/wp\/v2\/product_cat?post=23989"},{"taxonomy":"product_tag","embeddable":true,"href":"https:\/\/galerie-seydoux.fr\/en\/wp-json\/wp\/v2\/product_tag?post=23989"},{"taxonomy":"pa_product_author","embeddable":true,"href":"https:\/\/galerie-seydoux.fr\/en\/wp-json\/wp\/v2\/pa_product_author?post=23989"}],"curies":[{"name":"wp","href":"https:\/\/api.w.org\/{rel}","templated":true}]}}