{"id":23948,"date":"2025-12-02T14:00:52","date_gmt":"2025-12-02T13:00:52","guid":{"rendered":"https:\/\/galerie-seydoux.fr\/?post_type=product&#038;p=23948"},"modified":"2026-01-29T17:33:13","modified_gmt":"2026-01-29T16:33:13","slug":"bernard-naudin-le-tourbillon-de-la-vie-1914","status":"publish","type":"product","link":"https:\/\/galerie-seydoux.fr\/en\/collections\/bernard-naudin-le-tourbillon-de-la-vie-1914\/","title":{"rendered":"Bernard NAUDIN &#8211; Le Tourbillon de la Vie, 1914"},"content":{"rendered":"<p>Poncetton nr 60 (I\/II). Very good impression on laid paper of first state (of two), avant des travaux \u00e0 la pointe s\u00e8che, signed and annotated &#8220;1e \u00e9tat &#8211; 1\u00e8re \u00e9preuve&#8221;. Soft creases at top; two tiny thin paper areas. Good margins. Rare.<\/p>\n","protected":false},"excerpt":{"rendered":"<p>Poncetton nr 60 (I\/II). Very good impression on laid paper of first state (of two), avant des travaux \u00e0 la pointe s\u00e8che, signed and annotated &#8220;1e \u00e9tat &#8211; 1\u00e8re \u00e9preuve&#8221;. Soft creases at top; two tiny thin paper areas. Good margins. Rare.<\/p>\n","protected":false},"featured_media":23857,"template":"","meta":{"_acf_changed":false,"_et_pb_use_builder":"","_et_pb_old_content":"","_et_gb_content_width":"","inline_featured_image":false},"product_brand":[],"product_cat":[3679,3672,3674],"product_tag":[],"pa_product_author":[4231],"class_list":{"0":"post-23948","1":"product","2":"type-product","3":"status-publish","4":"has-post-thumbnail","6":"product_cat-20th-century","7":"product_cat-prints","8":"product_cat-french-school","9":"pa_product_author-bernard-naudin-en","11":"first","12":"instock","13":"shipping-taxable","14":"purchasable","15":"product-type-simple"},"acf":[],"_links":{"self":[{"href":"https:\/\/galerie-seydoux.fr\/en\/wp-json\/wp\/v2\/product\/23948","targetHints":{"allow":["GET"]}}],"collection":[{"href":"https:\/\/galerie-seydoux.fr\/en\/wp-json\/wp\/v2\/product"}],"about":[{"href":"https:\/\/galerie-seydoux.fr\/en\/wp-json\/wp\/v2\/types\/product"}],"wp:featuredmedia":[{"embeddable":true,"href":"https:\/\/galerie-seydoux.fr\/en\/wp-json\/wp\/v2\/media\/23857"}],"wp:attachment":[{"href":"https:\/\/galerie-seydoux.fr\/en\/wp-json\/wp\/v2\/media?parent=23948"}],"wp:term":[{"taxonomy":"product_brand","embeddable":true,"href":"https:\/\/galerie-seydoux.fr\/en\/wp-json\/wp\/v2\/product_brand?post=23948"},{"taxonomy":"product_cat","embeddable":true,"href":"https:\/\/galerie-seydoux.fr\/en\/wp-json\/wp\/v2\/product_cat?post=23948"},{"taxonomy":"product_tag","embeddable":true,"href":"https:\/\/galerie-seydoux.fr\/en\/wp-json\/wp\/v2\/product_tag?post=23948"},{"taxonomy":"pa_product_author","embeddable":true,"href":"https:\/\/galerie-seydoux.fr\/en\/wp-json\/wp\/v2\/pa_product_author?post=23948"}],"curies":[{"name":"wp","href":"https:\/\/api.w.org\/{rel}","templated":true}]}}