{"id":23947,"date":"2025-12-02T14:00:06","date_gmt":"2025-12-02T13:00:06","guid":{"rendered":"https:\/\/galerie-seydoux.fr\/?post_type=product&#038;p=23947"},"modified":"2026-01-29T17:48:01","modified_gmt":"2026-01-29T16:48:01","slug":"entourage-of-frederic-theodore-faber-brug-en-dorp-hellendoorn-ca-1820","status":"publish","type":"product","link":"https:\/\/galerie-seydoux.fr\/en\/collections\/entourage-of-frederic-theodore-faber-brug-en-dorp-hellendoorn-ca-1820\/","title":{"rendered":"entourage of Fr\u00e9d\u00e9ric Th\u00e9odore FABER &#8211; Brug en Dorp Hellendoorn, ca 1820"},"content":{"rendered":"<p>Titled at foot on center. Annotated on the back by a main &#8220;recent&#8221; : &#8220;6 mod\u00e8les ayant servi pour des assiettes command\u00e9es par le Roi de Hollande&#8221;. Rares piq\u00fbres and slight oxidation.<\/p>\n","protected":false},"excerpt":{"rendered":"<p>Titled at foot on center. Annotated on the back by a main &#8220;recent&#8221; : &#8220;6 mod\u00e8les ayant servi pour des assiettes command\u00e9es par le Roi de Hollande&#8221;. Rares piq\u00fbres and slight oxidation.<\/p>\n","protected":false},"featured_media":23841,"template":"","meta":{"_acf_changed":false,"_et_pb_use_builder":"","_et_pb_old_content":"","_et_gb_content_width":"","inline_featured_image":false},"product_brand":[],"product_cat":[3680,3681,3678],"product_tag":[],"pa_product_author":[],"class_list":{"0":"post-23947","1":"product","2":"type-product","3":"status-publish","4":"has-post-thumbnail","6":"product_cat-19th-century","7":"product_cat-drawings-en","8":"product_cat-northern-school","10":"first","11":"instock","12":"shipping-taxable","13":"purchasable","14":"product-type-simple"},"acf":[],"_links":{"self":[{"href":"https:\/\/galerie-seydoux.fr\/en\/wp-json\/wp\/v2\/product\/23947","targetHints":{"allow":["GET"]}}],"collection":[{"href":"https:\/\/galerie-seydoux.fr\/en\/wp-json\/wp\/v2\/product"}],"about":[{"href":"https:\/\/galerie-seydoux.fr\/en\/wp-json\/wp\/v2\/types\/product"}],"wp:featuredmedia":[{"embeddable":true,"href":"https:\/\/galerie-seydoux.fr\/en\/wp-json\/wp\/v2\/media\/23841"}],"wp:attachment":[{"href":"https:\/\/galerie-seydoux.fr\/en\/wp-json\/wp\/v2\/media?parent=23947"}],"wp:term":[{"taxonomy":"product_brand","embeddable":true,"href":"https:\/\/galerie-seydoux.fr\/en\/wp-json\/wp\/v2\/product_brand?post=23947"},{"taxonomy":"product_cat","embeddable":true,"href":"https:\/\/galerie-seydoux.fr\/en\/wp-json\/wp\/v2\/product_cat?post=23947"},{"taxonomy":"product_tag","embeddable":true,"href":"https:\/\/galerie-seydoux.fr\/en\/wp-json\/wp\/v2\/product_tag?post=23947"},{"taxonomy":"pa_product_author","embeddable":true,"href":"https:\/\/galerie-seydoux.fr\/en\/wp-json\/wp\/v2\/pa_product_author?post=23947"}],"curies":[{"name":"wp","href":"https:\/\/api.w.org\/{rel}","templated":true}]}}