{"id":23946,"date":"2025-12-02T14:00:13","date_gmt":"2025-12-02T13:00:13","guid":{"rendered":"https:\/\/galerie-seydoux.fr\/?post_type=product&#038;p=23946"},"modified":"2026-01-29T17:44:39","modified_gmt":"2026-01-29T16:44:39","slug":"entourage-of-frederic-faber-eversberg","status":"publish","type":"product","link":"https:\/\/galerie-seydoux.fr\/en\/collections\/entourage-of-frederic-faber-eversberg\/","title":{"rendered":"entourage of Fr\u00e9d\u00e9ric FABER &#8211; Eversberg"},"content":{"rendered":"<p>Dessin titr\u00e9 en bas \u00e0 droite. Fr\u00e9d\u00e9ric Faber, peintre d&#8217;animaux et de paysages, fonda une fabrique de porcelaines and was nomm\u00e9 peintre sur porcelaine de la Cour. Provenance : chevalier Camberlyn (selon une annotation au verso). Some rare piq\u00fbres; slight oxidation.<\/p>\n","protected":false},"excerpt":{"rendered":"<p>Dessin titr\u00e9 en bas \u00e0 droite. Fr\u00e9d\u00e9ric Faber, peintre d&#8217;animaux et de paysages, fonda une fabrique de porcelaines and was nomm\u00e9 peintre sur porcelaine de la Cour. Provenance : chevalier Camberlyn (selon une annotation au verso). Some rare piq\u00fbres; slight oxidation.<\/p>\n","protected":false},"featured_media":23859,"template":"","meta":{"_acf_changed":false,"_et_pb_use_builder":"","_et_pb_old_content":"","_et_gb_content_width":"","inline_featured_image":false},"product_brand":[],"product_cat":[3680,3681,3678],"product_tag":[],"pa_product_author":[],"class_list":{"0":"post-23946","1":"product","2":"type-product","3":"status-publish","4":"has-post-thumbnail","6":"product_cat-19th-century","7":"product_cat-drawings-en","8":"product_cat-northern-school","10":"first","11":"instock","12":"shipping-taxable","13":"purchasable","14":"product-type-simple"},"acf":[],"_links":{"self":[{"href":"https:\/\/galerie-seydoux.fr\/en\/wp-json\/wp\/v2\/product\/23946","targetHints":{"allow":["GET"]}}],"collection":[{"href":"https:\/\/galerie-seydoux.fr\/en\/wp-json\/wp\/v2\/product"}],"about":[{"href":"https:\/\/galerie-seydoux.fr\/en\/wp-json\/wp\/v2\/types\/product"}],"wp:featuredmedia":[{"embeddable":true,"href":"https:\/\/galerie-seydoux.fr\/en\/wp-json\/wp\/v2\/media\/23859"}],"wp:attachment":[{"href":"https:\/\/galerie-seydoux.fr\/en\/wp-json\/wp\/v2\/media?parent=23946"}],"wp:term":[{"taxonomy":"product_brand","embeddable":true,"href":"https:\/\/galerie-seydoux.fr\/en\/wp-json\/wp\/v2\/product_brand?post=23946"},{"taxonomy":"product_cat","embeddable":true,"href":"https:\/\/galerie-seydoux.fr\/en\/wp-json\/wp\/v2\/product_cat?post=23946"},{"taxonomy":"product_tag","embeddable":true,"href":"https:\/\/galerie-seydoux.fr\/en\/wp-json\/wp\/v2\/product_tag?post=23946"},{"taxonomy":"pa_product_author","embeddable":true,"href":"https:\/\/galerie-seydoux.fr\/en\/wp-json\/wp\/v2\/pa_product_author?post=23946"}],"curies":[{"name":"wp","href":"https:\/\/api.w.org\/{rel}","templated":true}]}}