{"id":23945,"date":"2025-12-02T14:00:10","date_gmt":"2025-12-02T13:00:10","guid":{"rendered":"https:\/\/galerie-seydoux.fr\/?post_type=product&#038;p=23945"},"modified":"2026-01-29T17:45:34","modified_gmt":"2026-01-29T16:45:34","slug":"jean-lepautre-le-trosne-de-la-piete-dedie-au-sacre-du-roy-1654","status":"publish","type":"product","link":"https:\/\/galerie-seydoux.fr\/en\/collections\/jean-lepautre-le-trosne-de-la-piete-dedie-au-sacre-du-roy-1654\/","title":{"rendered":"Jean LEPAUTRE &#8211; Le Trosne de la Pi\u00e9t\u00e9 d\u00e9di\u00e9 au sacre du Roy, 1654"},"content":{"rendered":"<p>Pr\u00e9aud nr 230 (II\/II). Good impression of 2nd state (of 2), with the inscriptions engraved on the edges. Some creases; tips of the marginal corners torn off. Ce cuivre a servi, en son premier \u00e9tat, \u00e0 orner un placard typographi\u00e9 avec un po\u00e8me de La Mesnardi\u00e8re, conseiller et ma\u00eetre d&#8217;h\u00f4tel ordinaire de sa Majest\u00e9. Il s&#8217;agit d&#8217;une all\u00e9gorie \u00e0 propos du sacre de Louis XIV.<\/p>\n","protected":false},"excerpt":{"rendered":"<p>Pr\u00e9aud nr 230 (II\/II). Good impression of 2nd state (of 2), with the inscriptions engraved on the edges. Some creases; tips of the marginal corners torn off. Ce cuivre a servi, en son premier \u00e9tat, \u00e0 orner un placard typographi\u00e9 avec un po\u00e8me de La Mesnardi\u00e8re, conseiller et ma\u00eetre d&#8217;h\u00f4tel ordinaire de sa Majest\u00e9. Il [&hellip;]<\/p>\n","protected":false},"featured_media":23817,"template":"","meta":{"_acf_changed":false,"_et_pb_use_builder":"","_et_pb_old_content":"","_et_gb_content_width":"","inline_featured_image":false},"product_brand":[],"product_cat":[3676,3672,3674],"product_tag":[],"pa_product_author":[1546],"class_list":{"0":"post-23945","1":"product","2":"type-product","3":"status-publish","4":"has-post-thumbnail","6":"product_cat-17th-century","7":"product_cat-prints","8":"product_cat-french-school","9":"pa_product_author-jean-lepautre-en","11":"first","12":"instock","13":"shipping-taxable","14":"purchasable","15":"product-type-simple"},"acf":[],"_links":{"self":[{"href":"https:\/\/galerie-seydoux.fr\/en\/wp-json\/wp\/v2\/product\/23945","targetHints":{"allow":["GET"]}}],"collection":[{"href":"https:\/\/galerie-seydoux.fr\/en\/wp-json\/wp\/v2\/product"}],"about":[{"href":"https:\/\/galerie-seydoux.fr\/en\/wp-json\/wp\/v2\/types\/product"}],"wp:featuredmedia":[{"embeddable":true,"href":"https:\/\/galerie-seydoux.fr\/en\/wp-json\/wp\/v2\/media\/23817"}],"wp:attachment":[{"href":"https:\/\/galerie-seydoux.fr\/en\/wp-json\/wp\/v2\/media?parent=23945"}],"wp:term":[{"taxonomy":"product_brand","embeddable":true,"href":"https:\/\/galerie-seydoux.fr\/en\/wp-json\/wp\/v2\/product_brand?post=23945"},{"taxonomy":"product_cat","embeddable":true,"href":"https:\/\/galerie-seydoux.fr\/en\/wp-json\/wp\/v2\/product_cat?post=23945"},{"taxonomy":"product_tag","embeddable":true,"href":"https:\/\/galerie-seydoux.fr\/en\/wp-json\/wp\/v2\/product_tag?post=23945"},{"taxonomy":"pa_product_author","embeddable":true,"href":"https:\/\/galerie-seydoux.fr\/en\/wp-json\/wp\/v2\/pa_product_author?post=23945"}],"curies":[{"name":"wp","href":"https:\/\/api.w.org\/{rel}","templated":true}]}}