{"id":23934,"date":"2025-12-02T14:00:06","date_gmt":"2025-12-02T13:00:06","guid":{"rendered":"https:\/\/galerie-seydoux.fr\/?post_type=product&#038;p=23934"},"modified":"2026-03-18T16:34:22","modified_gmt":"2026-03-18T15:34:22","slug":"bernard-naudin-le-goitre-or-le-cul-de-jatte-1903","status":"publish","type":"product","link":"https:\/\/galerie-seydoux.fr\/en\/collections\/bernard-naudin-le-goitre-or-le-cul-de-jatte-1903\/","title":{"rendered":"Bernard NAUDIN &#8211; Le goitre (or le Cul de jatte), 1903"},"content":{"rendered":"<p>Poncetton nr 1 (I\/II). Good impression. Ensemble d&#8217;une gravure et d&#8217;un dessin pr\u00e9paratoire by ink, la seconde signed; la premi\u00e8re du first state (of 2), before que le visage du nain ne soit gratt\u00e9. Some creases and breaks, rests of mounting paper on the back and some stains \u00e0 la premi\u00e8re; folds, small tears and defects to the second. Rare. First engraving by the artist.<\/p>\n","protected":false},"excerpt":{"rendered":"<p>Poncetton nr 1 (I\/II). Good impression. Ensemble d&#8217;une gravure et d&#8217;un dessin pr\u00e9paratoire by ink, la seconde signed; la premi\u00e8re du first state (of 2), before que le visage du nain ne soit gratt\u00e9. Some creases and breaks, rests of mounting paper on the back and some stains \u00e0 la premi\u00e8re; folds, small tears and [&hellip;]<\/p>\n","protected":false},"featured_media":23845,"template":"","meta":{"_acf_changed":false,"_et_pb_use_builder":"","_et_pb_old_content":"","_et_gb_content_width":"","inline_featured_image":false},"product_brand":[],"product_cat":[3679,3672,3681,3674],"product_tag":[],"pa_product_author":[4231],"class_list":{"0":"post-23934","1":"product","2":"type-product","3":"status-publish","4":"has-post-thumbnail","6":"product_cat-20th-century","7":"product_cat-prints","8":"product_cat-drawings-en","9":"product_cat-french-school","10":"pa_product_author-bernard-naudin-en","12":"first","13":"outofstock","14":"shipping-taxable","15":"product-type-simple"},"acf":[],"_links":{"self":[{"href":"https:\/\/galerie-seydoux.fr\/en\/wp-json\/wp\/v2\/product\/23934","targetHints":{"allow":["GET"]}}],"collection":[{"href":"https:\/\/galerie-seydoux.fr\/en\/wp-json\/wp\/v2\/product"}],"about":[{"href":"https:\/\/galerie-seydoux.fr\/en\/wp-json\/wp\/v2\/types\/product"}],"wp:featuredmedia":[{"embeddable":true,"href":"https:\/\/galerie-seydoux.fr\/en\/wp-json\/wp\/v2\/media\/23845"}],"wp:attachment":[{"href":"https:\/\/galerie-seydoux.fr\/en\/wp-json\/wp\/v2\/media?parent=23934"}],"wp:term":[{"taxonomy":"product_brand","embeddable":true,"href":"https:\/\/galerie-seydoux.fr\/en\/wp-json\/wp\/v2\/product_brand?post=23934"},{"taxonomy":"product_cat","embeddable":true,"href":"https:\/\/galerie-seydoux.fr\/en\/wp-json\/wp\/v2\/product_cat?post=23934"},{"taxonomy":"product_tag","embeddable":true,"href":"https:\/\/galerie-seydoux.fr\/en\/wp-json\/wp\/v2\/product_tag?post=23934"},{"taxonomy":"pa_product_author","embeddable":true,"href":"https:\/\/galerie-seydoux.fr\/en\/wp-json\/wp\/v2\/pa_product_author?post=23934"}],"curies":[{"name":"wp","href":"https:\/\/api.w.org\/{rel}","templated":true}]}}