{"id":23909,"date":"2025-11-27T14:00:42","date_gmt":"2025-11-27T13:00:42","guid":{"rendered":"https:\/\/galerie-seydoux.fr\/?post_type=product&#038;p=23909"},"modified":"2026-01-29T17:50:44","modified_gmt":"2026-01-29T16:50:44","slug":"andre-basset-editeur-et-graveur-vue-perspective-de-la-salle-des-festins-de-versailles-en-rejouissance-de-la-paix-en-1763","status":"publish","type":"product","link":"https:\/\/galerie-seydoux.fr\/en\/collections\/andre-basset-editeur-et-graveur-vue-perspective-de-la-salle-des-festins-de-versailles-en-rejouissance-de-la-paix-en-1763\/","title":{"rendered":"Andr\u00e9 BASSET \u00e9diteur et graveur &#8211; Vue perspective de la Salle des Festins de Versailles en r\u00e9jouissance de la Paix en 1763"},"content":{"rendered":"<p>Very good impression on laid paper in colors of the time. Small creases; small stain in the letter. Small margins.<\/p>\n","protected":false},"excerpt":{"rendered":"<p>Very good impression on laid paper in colors of the time. Small creases; small stain in the letter. Small margins.<\/p>\n","protected":false},"featured_media":23717,"template":"","meta":{"_acf_changed":false,"_et_pb_use_builder":"","_et_pb_old_content":"","_et_gb_content_width":"","inline_featured_image":false},"product_brand":[],"product_cat":[3673,3672,3674],"product_tag":[],"pa_product_author":[],"class_list":{"0":"post-23909","1":"product","2":"type-product","3":"status-publish","4":"has-post-thumbnail","6":"product_cat-18th-century","7":"product_cat-prints","8":"product_cat-french-school","10":"first","11":"instock","12":"shipping-taxable","13":"purchasable","14":"product-type-simple"},"acf":[],"_links":{"self":[{"href":"https:\/\/galerie-seydoux.fr\/en\/wp-json\/wp\/v2\/product\/23909","targetHints":{"allow":["GET"]}}],"collection":[{"href":"https:\/\/galerie-seydoux.fr\/en\/wp-json\/wp\/v2\/product"}],"about":[{"href":"https:\/\/galerie-seydoux.fr\/en\/wp-json\/wp\/v2\/types\/product"}],"wp:featuredmedia":[{"embeddable":true,"href":"https:\/\/galerie-seydoux.fr\/en\/wp-json\/wp\/v2\/media\/23717"}],"wp:attachment":[{"href":"https:\/\/galerie-seydoux.fr\/en\/wp-json\/wp\/v2\/media?parent=23909"}],"wp:term":[{"taxonomy":"product_brand","embeddable":true,"href":"https:\/\/galerie-seydoux.fr\/en\/wp-json\/wp\/v2\/product_brand?post=23909"},{"taxonomy":"product_cat","embeddable":true,"href":"https:\/\/galerie-seydoux.fr\/en\/wp-json\/wp\/v2\/product_cat?post=23909"},{"taxonomy":"product_tag","embeddable":true,"href":"https:\/\/galerie-seydoux.fr\/en\/wp-json\/wp\/v2\/product_tag?post=23909"},{"taxonomy":"pa_product_author","embeddable":true,"href":"https:\/\/galerie-seydoux.fr\/en\/wp-json\/wp\/v2\/pa_product_author?post=23909"}],"curies":[{"name":"wp","href":"https:\/\/api.w.org\/{rel}","templated":true}]}}