{"id":23908,"date":"2025-11-27T14:00:07","date_gmt":"2025-11-27T13:00:07","guid":{"rendered":"https:\/\/galerie-seydoux.fr\/?post_type=product&#038;p=23908"},"modified":"2026-01-29T18:03:07","modified_gmt":"2026-01-29T17:03:07","slug":"daumont-editor-in-paris-vue-perspective-de-linterieur-de-la-superbe-eglise-de-st-jean-de-latran-a-rome","status":"publish","type":"product","link":"https:\/\/galerie-seydoux.fr\/en\/collections\/daumont-editor-in-paris-vue-perspective-de-linterieur-de-la-superbe-eglise-de-st-jean-de-latran-a-rome\/","title":{"rendered":"DAUMONT editor in Paris &#8211; Vue perspective de l&#8217;int\u00e9rieur de la Superbe \u00c9glise de St Jean de Latran \u00e0 Rome"},"content":{"rendered":"<p>Very good impression on laid paper in colors of the time. Short tear at foot and at top; some creases. Small margins on two sides. Our impression reprend in the same sens la gravure de Jan van Londerseel after Hendrick Arts (?) ex\u00e9cut\u00e9e vers 1600.<\/p>\n","protected":false},"excerpt":{"rendered":"<p>Very good impression on laid paper in colors of the time. Short tear at foot and at top; some creases. Small margins on two sides. Our impression reprend in the same sens la gravure de Jan van Londerseel after Hendrick Arts (?) ex\u00e9cut\u00e9e vers 1600.<\/p>\n","protected":false},"featured_media":23707,"template":"","meta":{"_acf_changed":false,"_et_pb_use_builder":"","_et_pb_old_content":"","_et_gb_content_width":"","inline_featured_image":false},"product_brand":[],"product_cat":[3673,3672,3674],"product_tag":[],"pa_product_author":[],"class_list":{"0":"post-23908","1":"product","2":"type-product","3":"status-publish","4":"has-post-thumbnail","6":"product_cat-18th-century","7":"product_cat-prints","8":"product_cat-french-school","10":"first","11":"instock","12":"shipping-taxable","13":"purchasable","14":"product-type-simple"},"acf":[],"_links":{"self":[{"href":"https:\/\/galerie-seydoux.fr\/en\/wp-json\/wp\/v2\/product\/23908","targetHints":{"allow":["GET"]}}],"collection":[{"href":"https:\/\/galerie-seydoux.fr\/en\/wp-json\/wp\/v2\/product"}],"about":[{"href":"https:\/\/galerie-seydoux.fr\/en\/wp-json\/wp\/v2\/types\/product"}],"wp:featuredmedia":[{"embeddable":true,"href":"https:\/\/galerie-seydoux.fr\/en\/wp-json\/wp\/v2\/media\/23707"}],"wp:attachment":[{"href":"https:\/\/galerie-seydoux.fr\/en\/wp-json\/wp\/v2\/media?parent=23908"}],"wp:term":[{"taxonomy":"product_brand","embeddable":true,"href":"https:\/\/galerie-seydoux.fr\/en\/wp-json\/wp\/v2\/product_brand?post=23908"},{"taxonomy":"product_cat","embeddable":true,"href":"https:\/\/galerie-seydoux.fr\/en\/wp-json\/wp\/v2\/product_cat?post=23908"},{"taxonomy":"product_tag","embeddable":true,"href":"https:\/\/galerie-seydoux.fr\/en\/wp-json\/wp\/v2\/product_tag?post=23908"},{"taxonomy":"pa_product_author","embeddable":true,"href":"https:\/\/galerie-seydoux.fr\/en\/wp-json\/wp\/v2\/pa_product_author?post=23908"}],"curies":[{"name":"wp","href":"https:\/\/api.w.org\/{rel}","templated":true}]}}