{"id":23905,"date":"2025-11-27T14:00:43","date_gmt":"2025-11-27T13:00:43","guid":{"rendered":"https:\/\/galerie-seydoux.fr\/?post_type=product&#038;p=23905"},"modified":"2025-11-27T15:39:45","modified_gmt":"2025-11-27T14:39:45","slug":"after-charles-le-brun-la-famille-de-darius-aux-pieds-dalexandre-ca-1675","status":"publish","type":"product","link":"https:\/\/galerie-seydoux.fr\/en\/collections\/after-charles-le-brun-la-famille-de-darius-aux-pieds-dalexandre-ca-1675\/","title":{"rendered":"after Charles LE BRUN &#8211; La famille de Darius aux pieds d&#8217;Alexandre, ca 1675"},"content":{"rendered":"<p>L. Marchesano and C. Michel nr 3; Robert-Dumesnil nr 42. Very good impression in two sheet assembl\u00e9es. Slight foxings, mostly in the lower. Vertical median fold; some tiny \u00e9pidermures and some marginal short tears. Girard Audran and G\u00e9rard \u00c9delinck traduisirent, between 1672 and 1678, les grandes toiles peintes par Charles Le Brun illustrant les Batailles d&#8217;Alexandre. S&#8217;ouvrant par la Famille de Darius, cette suite de cinq monumentales estampes se poursuit par les trois batailles proprement dites (Le Passage du Granique, la Bataille d&#8217;Arbelle et Alexandre et Porus) et se cl\u00f4t par l&#8217;Entr\u00e9e d&#8217;Alexandre \u00e0 Babylone. Nous pr\u00e9sentons ici quatre de ces estampes. Le tirage de cette estampe, avec la pr\u00e9sence de 9 points \u00e0 la suite du nom Goyton permet de le situer entre la 899e et la 1000e \u00e9preuve imprim\u00e9e. Au moins 1850 \u00e9preuves furent imprim\u00e9es entre 1675 et 1683. Bien que le tirage en soit important, la qualit\u00e9 en reste remarquable tant au niveau de l&#8217;\u00e9preuve que de l&#8217;\u00e9tat de conservation.<\/p>\n","protected":false},"excerpt":{"rendered":"<p>L. Marchesano and C. Michel nr 3; Robert-Dumesnil nr 42. Very good impression in two sheet assembl\u00e9es. Slight foxings, mostly in the lower. Vertical median fold; some tiny \u00e9pidermures and some marginal short tears. Girard Audran and G\u00e9rard \u00c9delinck traduisirent, between 1672 and 1678, les grandes toiles peintes par Charles Le Brun illustrant les Batailles [&hellip;]<\/p>\n","protected":false},"featured_media":23782,"template":"","meta":{"_acf_changed":false,"_et_pb_use_builder":"","_et_pb_old_content":"","_et_gb_content_width":"","inline_featured_image":false},"product_brand":[],"product_cat":[3676,3672,3674],"product_tag":[],"pa_product_author":[4386],"class_list":{"0":"post-23905","1":"product","2":"type-product","3":"status-publish","4":"has-post-thumbnail","6":"product_cat-17th-century","7":"product_cat-prints","8":"product_cat-french-school","9":"pa_product_author-charles-le-brun-en-2","11":"first","12":"instock","13":"shipping-taxable","14":"purchasable","15":"product-type-simple"},"acf":[],"_links":{"self":[{"href":"https:\/\/galerie-seydoux.fr\/en\/wp-json\/wp\/v2\/product\/23905","targetHints":{"allow":["GET"]}}],"collection":[{"href":"https:\/\/galerie-seydoux.fr\/en\/wp-json\/wp\/v2\/product"}],"about":[{"href":"https:\/\/galerie-seydoux.fr\/en\/wp-json\/wp\/v2\/types\/product"}],"wp:featuredmedia":[{"embeddable":true,"href":"https:\/\/galerie-seydoux.fr\/en\/wp-json\/wp\/v2\/media\/23782"}],"wp:attachment":[{"href":"https:\/\/galerie-seydoux.fr\/en\/wp-json\/wp\/v2\/media?parent=23905"}],"wp:term":[{"taxonomy":"product_brand","embeddable":true,"href":"https:\/\/galerie-seydoux.fr\/en\/wp-json\/wp\/v2\/product_brand?post=23905"},{"taxonomy":"product_cat","embeddable":true,"href":"https:\/\/galerie-seydoux.fr\/en\/wp-json\/wp\/v2\/product_cat?post=23905"},{"taxonomy":"product_tag","embeddable":true,"href":"https:\/\/galerie-seydoux.fr\/en\/wp-json\/wp\/v2\/product_tag?post=23905"},{"taxonomy":"pa_product_author","embeddable":true,"href":"https:\/\/galerie-seydoux.fr\/en\/wp-json\/wp\/v2\/pa_product_author?post=23905"}],"curies":[{"name":"wp","href":"https:\/\/api.w.org\/{rel}","templated":true}]}}