{"id":23757,"date":"2025-11-27T14:00:04","date_gmt":"2025-11-27T13:00:04","guid":{"rendered":"https:\/\/galerie-seydoux.fr\/?post_type=product&#038;p=23757"},"modified":"2026-01-29T17:56:19","modified_gmt":"2026-01-29T16:56:19","slug":"dapres-charles-le-brun-oeuvre-copie","status":"publish","type":"product","link":"https:\/\/galerie-seydoux.fr\/en\/collections\/dapres-charles-le-brun-oeuvre-copie\/","title":{"rendered":"d&#8217;apr\u00e8s Charles LE BRUN &#8211; La famille de Darius aux pieds d&#8217;Alexandre, ca 1675"},"content":{"rendered":"<p>L. Marchesano et C. Michel n\u00b03; Robert-Dumesnil n\u00b042. Tr\u00e8s belle \u00e9preuve en deux feuilles assembl\u00e9es. L\u00e9g\u00e8res rousseurs, surtout dans la partie inf\u00e9rieure. PLi vertical m\u00e9dian; quelques infimes \u00e9pidermures et quelques courtes d\u00e9chirures marginales. Filigrane : nom du papetier HG Cusson (tr\u00e8s proche de Gaudraulot pl 127, dat\u00e9 1672). Girard Audran et G\u00e9rard \u00c9delinck traduisirent, entre 1672 et 1678, les grandes toiles peintes par Charles Le Brun illustrant les Batailles d&#8217;Alexandre. S&#8217;ouvrant par la Famille de Darius, cette suite de cinq monumentales estampes se poursuit par les trois batailles proprement dites (Le Passage du Granique, la Bataille d&#8217;Arbelle et Alexandre et Porus) et se cl\u00f4t par l&#8217;Entr\u00e9e d&#8217;Aexandre \u00e0 Babylone. Nous pr\u00e9sentons ici quatre de ces estampes. Le tirage de cette estampe, avec la pr\u00e9sence de 9 points \u00e0 la suite du nom Goyton permet de le situer entre la 899e et la 1000e \u00e9preuve imprim\u00e9e. Au moins 1850 \u00e9preuves furent imprim\u00e9es entre 1675 et 1683. Bien que le tirage en soit important, la qualit\u00e9 en reste remarquable tant au niveau de l&#8217;\u00e9preuve que de l&#8217;\u00e9tat de conservation.<\/p>\n","protected":false},"excerpt":{"rendered":"<p>L. Marchesano et C. Michel n\u00b03; Robert-Dumesnil n\u00b042. Tr\u00e8s belle \u00e9preuve en deux feuilles assembl\u00e9es. L\u00e9g\u00e8res rousseurs, surtout dans la partie inf\u00e9rieure. PLi vertical m\u00e9dian; quelques infimes \u00e9pidermures et quelques courtes d\u00e9chirures marginales. Filigrane : nom du papetier HG Cusson (tr\u00e8s proche de Gaudraulot pl 127, dat\u00e9 1672). Girard Audran et G\u00e9rard \u00c9delinck traduisirent, entre [&hellip;]<\/p>\n","protected":false},"featured_media":23783,"template":"","meta":{"_acf_changed":false,"_et_pb_use_builder":"","_et_pb_old_content":"","_et_gb_content_width":"","inline_featured_image":false},"product_brand":[],"product_cat":[4385,4382,4384],"product_tag":[],"pa_product_author":[4386],"class_list":{"0":"post-23757","1":"product","2":"type-product","3":"status-publish","4":"has-post-thumbnail","6":"product_cat-ecole-francaise-en","7":"product_cat-estampes-en","8":"product_cat-xviie-siecle-en","9":"pa_product_author-charles-le-brun-en-2","11":"first","12":"instock","13":"shipping-taxable","14":"product-type-simple"},"acf":[],"_links":{"self":[{"href":"https:\/\/galerie-seydoux.fr\/en\/wp-json\/wp\/v2\/product\/23757","targetHints":{"allow":["GET"]}}],"collection":[{"href":"https:\/\/galerie-seydoux.fr\/en\/wp-json\/wp\/v2\/product"}],"about":[{"href":"https:\/\/galerie-seydoux.fr\/en\/wp-json\/wp\/v2\/types\/product"}],"wp:featuredmedia":[{"embeddable":true,"href":"https:\/\/galerie-seydoux.fr\/en\/wp-json\/wp\/v2\/media\/23783"}],"wp:attachment":[{"href":"https:\/\/galerie-seydoux.fr\/en\/wp-json\/wp\/v2\/media?parent=23757"}],"wp:term":[{"taxonomy":"product_brand","embeddable":true,"href":"https:\/\/galerie-seydoux.fr\/en\/wp-json\/wp\/v2\/product_brand?post=23757"},{"taxonomy":"product_cat","embeddable":true,"href":"https:\/\/galerie-seydoux.fr\/en\/wp-json\/wp\/v2\/product_cat?post=23757"},{"taxonomy":"product_tag","embeddable":true,"href":"https:\/\/galerie-seydoux.fr\/en\/wp-json\/wp\/v2\/product_tag?post=23757"},{"taxonomy":"pa_product_author","embeddable":true,"href":"https:\/\/galerie-seydoux.fr\/en\/wp-json\/wp\/v2\/pa_product_author?post=23757"}],"curies":[{"name":"wp","href":"https:\/\/api.w.org\/{rel}","templated":true}]}}