{"id":23695,"date":"2025-11-27T14:00:20","date_gmt":"2025-11-27T13:00:20","guid":{"rendered":"https:\/\/galerie-seydoux.fr\/?post_type=product&#038;p=23695"},"modified":"2026-01-29T18:10:30","modified_gmt":"2026-01-29T17:10:30","slug":"jacques-chereau-editor-vue-perspective-du-marche-aux-fleurs-a-londres-ca-1770","status":"publish","type":"product","link":"https:\/\/galerie-seydoux.fr\/en\/collections\/jacques-chereau-editor-vue-perspective-du-marche-aux-fleurs-a-londres-ca-1770\/","title":{"rendered":"Jacques CH\u00c9REAU editor &#8211; Vue Perspective du March\u00e9 aux Fleurs \u00e0 Londres, ca 1770"},"content":{"rendered":"<p>Very good impression on laid paper in colors of the time. Some tiny creases and tiny stains. Good margins.<\/p>\n","protected":false},"excerpt":{"rendered":"<p>Very good impression on laid paper in colors of the time. Some tiny creases and tiny stains. Good margins.<\/p>\n","protected":false},"featured_media":23613,"template":"","meta":{"_acf_changed":false,"_et_pb_use_builder":"","_et_pb_old_content":"","_et_gb_content_width":"","inline_featured_image":false},"product_brand":[],"product_cat":[3673,3672,3674],"product_tag":[],"pa_product_author":[],"class_list":{"0":"post-23695","1":"product","2":"type-product","3":"status-publish","4":"has-post-thumbnail","6":"product_cat-18th-century","7":"product_cat-prints","8":"product_cat-french-school","10":"first","11":"instock","12":"shipping-taxable","13":"purchasable","14":"product-type-simple"},"acf":[],"_links":{"self":[{"href":"https:\/\/galerie-seydoux.fr\/en\/wp-json\/wp\/v2\/product\/23695","targetHints":{"allow":["GET"]}}],"collection":[{"href":"https:\/\/galerie-seydoux.fr\/en\/wp-json\/wp\/v2\/product"}],"about":[{"href":"https:\/\/galerie-seydoux.fr\/en\/wp-json\/wp\/v2\/types\/product"}],"wp:featuredmedia":[{"embeddable":true,"href":"https:\/\/galerie-seydoux.fr\/en\/wp-json\/wp\/v2\/media\/23613"}],"wp:attachment":[{"href":"https:\/\/galerie-seydoux.fr\/en\/wp-json\/wp\/v2\/media?parent=23695"}],"wp:term":[{"taxonomy":"product_brand","embeddable":true,"href":"https:\/\/galerie-seydoux.fr\/en\/wp-json\/wp\/v2\/product_brand?post=23695"},{"taxonomy":"product_cat","embeddable":true,"href":"https:\/\/galerie-seydoux.fr\/en\/wp-json\/wp\/v2\/product_cat?post=23695"},{"taxonomy":"product_tag","embeddable":true,"href":"https:\/\/galerie-seydoux.fr\/en\/wp-json\/wp\/v2\/product_tag?post=23695"},{"taxonomy":"pa_product_author","embeddable":true,"href":"https:\/\/galerie-seydoux.fr\/en\/wp-json\/wp\/v2\/pa_product_author?post=23695"}],"curies":[{"name":"wp","href":"https:\/\/api.w.org\/{rel}","templated":true}]}}