{"id":23693,"date":"2025-11-27T14:00:31","date_gmt":"2025-11-27T13:00:31","guid":{"rendered":"https:\/\/galerie-seydoux.fr\/?post_type=product&#038;p=23693"},"modified":"2026-01-30T15:23:29","modified_gmt":"2026-01-30T14:23:29","slug":"andre-basset-editor-in-paris-vue-de-peking-capitale-de-la-chine-et-de-la-superbe-muraille-qui-la-separe-de-la-tartarie","status":"publish","type":"product","link":"https:\/\/galerie-seydoux.fr\/en\/collections\/andre-basset-editor-in-paris-vue-de-peking-capitale-de-la-chine-et-de-la-superbe-muraille-qui-la-separe-de-la-tartarie\/","title":{"rendered":"Andr\u00e9 BASSET (?) editor in Paris &#8211; Vue de P\u00e9king Capitale de la Chine et de la Superbe Muraille qui la s\u00e9pare de la Tartarie"},"content":{"rendered":"<p>Very good impression on laid paper in colors of the time. Some rares small creases. Small margins on three side.<\/p>\n","protected":false},"excerpt":{"rendered":"<p>Very good impression on laid paper in colors of the time. Some rares small creases. Small margins on three side.<\/p>\n","protected":false},"featured_media":23609,"template":"","meta":{"_acf_changed":false,"_et_pb_use_builder":"","_et_pb_old_content":"","_et_gb_content_width":"","inline_featured_image":false},"product_brand":[],"product_cat":[3673,3672,3674],"product_tag":[],"pa_product_author":[1026],"class_list":{"0":"post-23693","1":"product","2":"type-product","3":"status-publish","4":"has-post-thumbnail","6":"product_cat-18th-century","7":"product_cat-prints","8":"product_cat-french-school","9":"pa_product_author-basset-en","11":"first","12":"instock","13":"shipping-taxable","14":"purchasable","15":"product-type-simple"},"acf":[],"_links":{"self":[{"href":"https:\/\/galerie-seydoux.fr\/en\/wp-json\/wp\/v2\/product\/23693","targetHints":{"allow":["GET"]}}],"collection":[{"href":"https:\/\/galerie-seydoux.fr\/en\/wp-json\/wp\/v2\/product"}],"about":[{"href":"https:\/\/galerie-seydoux.fr\/en\/wp-json\/wp\/v2\/types\/product"}],"wp:featuredmedia":[{"embeddable":true,"href":"https:\/\/galerie-seydoux.fr\/en\/wp-json\/wp\/v2\/media\/23609"}],"wp:attachment":[{"href":"https:\/\/galerie-seydoux.fr\/en\/wp-json\/wp\/v2\/media?parent=23693"}],"wp:term":[{"taxonomy":"product_brand","embeddable":true,"href":"https:\/\/galerie-seydoux.fr\/en\/wp-json\/wp\/v2\/product_brand?post=23693"},{"taxonomy":"product_cat","embeddable":true,"href":"https:\/\/galerie-seydoux.fr\/en\/wp-json\/wp\/v2\/product_cat?post=23693"},{"taxonomy":"product_tag","embeddable":true,"href":"https:\/\/galerie-seydoux.fr\/en\/wp-json\/wp\/v2\/product_tag?post=23693"},{"taxonomy":"pa_product_author","embeddable":true,"href":"https:\/\/galerie-seydoux.fr\/en\/wp-json\/wp\/v2\/pa_product_author?post=23693"}],"curies":[{"name":"wp","href":"https:\/\/api.w.org\/{rel}","templated":true}]}}