{"id":23489,"date":"2025-10-07T14:00:05","date_gmt":"2025-10-07T12:00:05","guid":{"rendered":"https:\/\/galerie-seydoux.fr\/?post_type=product&#038;p=23489"},"modified":"2025-11-26T18:02:51","modified_gmt":"2025-11-26T17:02:51","slug":"jacques-callot-frontispiece-of-la-sainte-apocatastase","status":"publish","type":"product","link":"https:\/\/galerie-seydoux.fr\/en\/collections\/jacques-callot-frontispiece-of-la-sainte-apocatastase\/","title":{"rendered":"Jacques CALLOT &#8211; Frontispiece of &#8220;La Sainte Apocatastase&#8221;"},"content":{"rendered":"<p>Lieure nr 511 (II\/II). Very good impression of 2nd state (of 2), with the inscriptions. Glued by the angles on old laid paper; stains and foxings on the old mounting. Small margins. Rare. &#8220;Le frontispice du recueil des sermons de l&#8217;Avent du P. Andr\u00e9 de l&#8217;Ange&#8230; publi\u00e9e en 1623&#8230;est la plus belle introduction que Callot ait jamais donn\u00e9e \u00e0 un livre&#8221;, P. Chon\u00e9 in exhib. &#8220;Callot&#8221;.<\/p>\n","protected":false},"excerpt":{"rendered":"<p>Lieure nr 511 (II\/II). Very good impression of 2nd state (of 2), with the inscriptions. Glued by the angles on old laid paper; stains and foxings on the old mounting. Small margins. Rare. &#8220;Le frontispice du recueil des sermons de l&#8217;Avent du P. Andr\u00e9 de l&#8217;Ange&#8230; publi\u00e9e en 1623&#8230;est la plus belle introduction que Callot [&hellip;]<\/p>\n","protected":false},"featured_media":23348,"template":"","meta":{"_acf_changed":false,"_et_pb_use_builder":"","_et_pb_old_content":"","_et_gb_content_width":"","inline_featured_image":false},"product_brand":[],"product_cat":[3676,3672,3674],"product_tag":[],"pa_product_author":[1296],"class_list":{"0":"post-23489","1":"product","2":"type-product","3":"status-publish","4":"has-post-thumbnail","6":"product_cat-17th-century","7":"product_cat-prints","8":"product_cat-french-school","9":"pa_product_author-jacques-callot-en","11":"first","12":"instock","13":"shipping-taxable","14":"purchasable","15":"product-type-simple"},"acf":[],"_links":{"self":[{"href":"https:\/\/galerie-seydoux.fr\/en\/wp-json\/wp\/v2\/product\/23489","targetHints":{"allow":["GET"]}}],"collection":[{"href":"https:\/\/galerie-seydoux.fr\/en\/wp-json\/wp\/v2\/product"}],"about":[{"href":"https:\/\/galerie-seydoux.fr\/en\/wp-json\/wp\/v2\/types\/product"}],"wp:featuredmedia":[{"embeddable":true,"href":"https:\/\/galerie-seydoux.fr\/en\/wp-json\/wp\/v2\/media\/23348"}],"wp:attachment":[{"href":"https:\/\/galerie-seydoux.fr\/en\/wp-json\/wp\/v2\/media?parent=23489"}],"wp:term":[{"taxonomy":"product_brand","embeddable":true,"href":"https:\/\/galerie-seydoux.fr\/en\/wp-json\/wp\/v2\/product_brand?post=23489"},{"taxonomy":"product_cat","embeddable":true,"href":"https:\/\/galerie-seydoux.fr\/en\/wp-json\/wp\/v2\/product_cat?post=23489"},{"taxonomy":"product_tag","embeddable":true,"href":"https:\/\/galerie-seydoux.fr\/en\/wp-json\/wp\/v2\/product_tag?post=23489"},{"taxonomy":"pa_product_author","embeddable":true,"href":"https:\/\/galerie-seydoux.fr\/en\/wp-json\/wp\/v2\/pa_product_author?post=23489"}],"curies":[{"name":"wp","href":"https:\/\/api.w.org\/{rel}","templated":true}]}}