{"id":23476,"date":"2025-10-07T14:00:34","date_gmt":"2025-10-07T12:00:34","guid":{"rendered":"https:\/\/galerie-seydoux.fr\/?post_type=product&#038;p=23476"},"modified":"2025-11-26T17:23:07","modified_gmt":"2025-11-26T16:23:07","slug":"nicolas-robert-plusieurs-especes-de-fleurs-dessinees-et-gravees-dapres-le-naturel-1676","status":"publish","type":"product","link":"https:\/\/galerie-seydoux.fr\/en\/collections\/nicolas-robert-plusieurs-especes-de-fleurs-dessinees-et-gravees-dapres-le-naturel-1676\/","title":{"rendered":"Nicolas ROBERT &#8211; Plusieurs esp\u00e8ces de fleurs dessin\u00e9es et grav\u00e9es d&#8217;apr\u00e8s le naturel, 1676"},"content":{"rendered":"<p>Very good impressions, with the date of 1676 and Audran&#8217;s address replacing that of Poilly. Small foxings in the lower left angle to some plates; some very rare defects; some rubbing traces, rests of glue and on the back mounting paper. Rare set of 17 plates (of 30 ?) linked together by a thread (exept the last one), numbered 1 to 17. Good margins. Although incomplete, our set is outstanding by la fra\u00eecheur des \u00e9preuves et leur tr\u00e8s bel \u00e9tat de conservation. The completes set are very rare. Nicolas Robert, miniaturiste et graveur, est c\u00e9l\u00e8bre pour son Recueil des v\u00e9lins conserv\u00e9 au Mus\u00e9um d&#8217;Histoire Naturelle. Il travailla d&#8217;abord tr\u00e8s probablement pour Gaston d&#8217;Orl\u00e9ans puis fut nomm\u00e9 en 1664 peintre en miniature de Louis XIV. Il peindra pour lui les animaux et plantes formant le recueil des v\u00e9lins. He is considered by many comme le plus grand naturalist of his time.<\/p>\n","protected":false},"excerpt":{"rendered":"<p>Very good impressions, with the date of 1676 and Audran&#8217;s address replacing that of Poilly. Small foxings in the lower left angle to some plates; some very rare defects; some rubbing traces, rests of glue and on the back mounting paper. Rare set of 17 plates (of 30 ?) linked together by a thread (exept [&hellip;]<\/p>\n","protected":false},"featured_media":23433,"template":"","meta":{"_acf_changed":false,"_et_pb_use_builder":"","_et_pb_old_content":"","_et_gb_content_width":"","inline_featured_image":false},"product_brand":[],"product_cat":[3676,3672,3674],"product_tag":[],"pa_product_author":[4356],"class_list":{"0":"post-23476","1":"product","2":"type-product","3":"status-publish","4":"has-post-thumbnail","6":"product_cat-17th-century","7":"product_cat-prints","8":"product_cat-french-school","9":"pa_product_author-nicolas-robert-2","11":"first","12":"instock","13":"shipping-taxable","14":"purchasable","15":"product-type-simple"},"acf":[],"_links":{"self":[{"href":"https:\/\/galerie-seydoux.fr\/en\/wp-json\/wp\/v2\/product\/23476","targetHints":{"allow":["GET"]}}],"collection":[{"href":"https:\/\/galerie-seydoux.fr\/en\/wp-json\/wp\/v2\/product"}],"about":[{"href":"https:\/\/galerie-seydoux.fr\/en\/wp-json\/wp\/v2\/types\/product"}],"wp:featuredmedia":[{"embeddable":true,"href":"https:\/\/galerie-seydoux.fr\/en\/wp-json\/wp\/v2\/media\/23433"}],"wp:attachment":[{"href":"https:\/\/galerie-seydoux.fr\/en\/wp-json\/wp\/v2\/media?parent=23476"}],"wp:term":[{"taxonomy":"product_brand","embeddable":true,"href":"https:\/\/galerie-seydoux.fr\/en\/wp-json\/wp\/v2\/product_brand?post=23476"},{"taxonomy":"product_cat","embeddable":true,"href":"https:\/\/galerie-seydoux.fr\/en\/wp-json\/wp\/v2\/product_cat?post=23476"},{"taxonomy":"product_tag","embeddable":true,"href":"https:\/\/galerie-seydoux.fr\/en\/wp-json\/wp\/v2\/product_tag?post=23476"},{"taxonomy":"pa_product_author","embeddable":true,"href":"https:\/\/galerie-seydoux.fr\/en\/wp-json\/wp\/v2\/pa_product_author?post=23476"}],"curies":[{"name":"wp","href":"https:\/\/api.w.org\/{rel}","templated":true}]}}