{"id":23404,"date":"2025-10-07T14:00:48","date_gmt":"2025-10-07T12:00:48","guid":{"rendered":"https:\/\/galerie-seydoux.fr\/?post_type=product&#038;p=23404"},"modified":"2025-11-26T17:16:23","modified_gmt":"2025-11-26T16:16:23","slug":"jacques-callot-portrait-de-charles-delorme-1630","status":"publish","type":"product","link":"https:\/\/galerie-seydoux.fr\/en\/collections\/jacques-callot-portrait-de-charles-delorme-1630\/","title":{"rendered":"Jacques CALLOT &#8211; Portrait de Charles Delorme, 1630"},"content":{"rendered":"<p>Lieure nr 662 (II\/II). Very good impression trimmed at the platemark, of 2nd state (of 2), with the changes in the letter. Glued by the angles on old laid paper; creases mostly visible in raking light and in the angles; some stains and foxing on the mounting of XVIII century. Rare. &#8220;Autour du portrait plein de charme et d&#8217;acuit\u00e9 psychologique d&#8217;un pr\u00e9cieux, se d\u00e9ploie un paysage o\u00f9 les arbres, les b\u00eates et la fable composent un monde imaginaire&#8221;, Paulette Chon\u00e9.<\/p>\n","protected":false},"excerpt":{"rendered":"<p>Lieure nr 662 (II\/II). Very good impression trimmed at the platemark, of 2nd state (of 2), with the changes in the letter. Glued by the angles on old laid paper; creases mostly visible in raking light and in the angles; some stains and foxing on the mounting of XVIII century. Rare. &#8220;Autour du portrait plein [&hellip;]<\/p>\n","protected":false},"featured_media":23346,"template":"","meta":{"_acf_changed":false,"_et_pb_use_builder":"","_et_pb_old_content":"","_et_gb_content_width":"","inline_featured_image":false},"product_brand":[],"product_cat":[3676,3672,3674],"product_tag":[],"pa_product_author":[1296],"class_list":{"0":"post-23404","1":"product","2":"type-product","3":"status-publish","4":"has-post-thumbnail","6":"product_cat-17th-century","7":"product_cat-prints","8":"product_cat-french-school","9":"pa_product_author-jacques-callot-en","11":"first","12":"instock","13":"shipping-taxable","14":"purchasable","15":"product-type-simple"},"acf":[],"_links":{"self":[{"href":"https:\/\/galerie-seydoux.fr\/en\/wp-json\/wp\/v2\/product\/23404","targetHints":{"allow":["GET"]}}],"collection":[{"href":"https:\/\/galerie-seydoux.fr\/en\/wp-json\/wp\/v2\/product"}],"about":[{"href":"https:\/\/galerie-seydoux.fr\/en\/wp-json\/wp\/v2\/types\/product"}],"wp:featuredmedia":[{"embeddable":true,"href":"https:\/\/galerie-seydoux.fr\/en\/wp-json\/wp\/v2\/media\/23346"}],"wp:attachment":[{"href":"https:\/\/galerie-seydoux.fr\/en\/wp-json\/wp\/v2\/media?parent=23404"}],"wp:term":[{"taxonomy":"product_brand","embeddable":true,"href":"https:\/\/galerie-seydoux.fr\/en\/wp-json\/wp\/v2\/product_brand?post=23404"},{"taxonomy":"product_cat","embeddable":true,"href":"https:\/\/galerie-seydoux.fr\/en\/wp-json\/wp\/v2\/product_cat?post=23404"},{"taxonomy":"product_tag","embeddable":true,"href":"https:\/\/galerie-seydoux.fr\/en\/wp-json\/wp\/v2\/product_tag?post=23404"},{"taxonomy":"pa_product_author","embeddable":true,"href":"https:\/\/galerie-seydoux.fr\/en\/wp-json\/wp\/v2\/pa_product_author?post=23404"}],"curies":[{"name":"wp","href":"https:\/\/api.w.org\/{rel}","templated":true}]}}