{"id":23397,"date":"2025-10-07T14:00:44","date_gmt":"2025-10-07T12:00:44","guid":{"rendered":"https:\/\/galerie-seydoux.fr\/?post_type=product&#038;p=23397"},"modified":"2025-12-12T17:39:39","modified_gmt":"2025-12-12T16:39:39","slug":"eugene-delatre-village-baigne-par-un-canal-ca-1920","status":"publish","type":"product","link":"https:\/\/galerie-seydoux.fr\/en\/collections\/eugene-delatre-village-baigne-par-un-canal-ca-1920\/","title":{"rendered":"Eug\u00e8ne DEL\u00c2TRE &#8211; (Village baign\u00e9 par un canal), ca 1920"},"content":{"rendered":"<p>I.F.F. undescribed (?). Very good impression on greenish wove paper, annotated, dedicated and signed.<\/p>\n","protected":false},"excerpt":{"rendered":"<p>I.F.F. undescribed (?). Very good impression on greenish wove paper, annotated, dedicated and signed.<\/p>\n","protected":false},"featured_media":23209,"template":"","meta":{"_acf_changed":false,"_et_pb_use_builder":"","_et_pb_old_content":"","_et_gb_content_width":"","inline_featured_image":false},"product_brand":[],"product_cat":[3679,3672,3674],"product_tag":[],"pa_product_author":[1327],"class_list":{"0":"post-23397","1":"product","2":"type-product","3":"status-publish","4":"has-post-thumbnail","6":"product_cat-20th-century","7":"product_cat-prints","8":"product_cat-french-school","9":"pa_product_author-eugene-delatre-en","11":"first","12":"outofstock","13":"shipping-taxable","14":"product-type-simple"},"acf":[],"_links":{"self":[{"href":"https:\/\/galerie-seydoux.fr\/en\/wp-json\/wp\/v2\/product\/23397","targetHints":{"allow":["GET"]}}],"collection":[{"href":"https:\/\/galerie-seydoux.fr\/en\/wp-json\/wp\/v2\/product"}],"about":[{"href":"https:\/\/galerie-seydoux.fr\/en\/wp-json\/wp\/v2\/types\/product"}],"wp:featuredmedia":[{"embeddable":true,"href":"https:\/\/galerie-seydoux.fr\/en\/wp-json\/wp\/v2\/media\/23209"}],"wp:attachment":[{"href":"https:\/\/galerie-seydoux.fr\/en\/wp-json\/wp\/v2\/media?parent=23397"}],"wp:term":[{"taxonomy":"product_brand","embeddable":true,"href":"https:\/\/galerie-seydoux.fr\/en\/wp-json\/wp\/v2\/product_brand?post=23397"},{"taxonomy":"product_cat","embeddable":true,"href":"https:\/\/galerie-seydoux.fr\/en\/wp-json\/wp\/v2\/product_cat?post=23397"},{"taxonomy":"product_tag","embeddable":true,"href":"https:\/\/galerie-seydoux.fr\/en\/wp-json\/wp\/v2\/product_tag?post=23397"},{"taxonomy":"pa_product_author","embeddable":true,"href":"https:\/\/galerie-seydoux.fr\/en\/wp-json\/wp\/v2\/pa_product_author?post=23397"}],"curies":[{"name":"wp","href":"https:\/\/api.w.org\/{rel}","templated":true}]}}