{"id":23393,"date":"2025-10-07T14:00:09","date_gmt":"2025-10-07T12:00:09","guid":{"rendered":"https:\/\/galerie-seydoux.fr\/?post_type=product&#038;p=23393"},"modified":"2025-11-26T17:36:53","modified_gmt":"2025-11-26T16:36:53","slug":"giovanni-benedetto-castiglione-old-bearded-man-head-tilted-and-turned-to-the-right","status":"publish","type":"product","link":"https:\/\/galerie-seydoux.fr\/en\/collections\/giovanni-benedetto-castiglione-old-bearded-man-head-tilted-and-turned-to-the-right\/","title":{"rendered":"Giovanni Benedetto CASTIGLIONE &#8211; Old bearded man, head tilted and turned to the right"},"content":{"rendered":"<p>Bartsch Ill. nr 50 (II\/II). Good impression trimmed about 7 mm in width and 4 mm at top, of 2nd state (of 2), the plate trimmed. Tip of the upper left angle gauche missing; small thin paper areas in the left angles; horizontal fold open at right; some small corps \u00e9trangers (inherent to paper ?). Plate to the set of four &#8220;Grandes \u00e9tudes de t\u00eates \u00e0 l&#8217;orientale&#8221;. Only one impression of first state, presenting four subjects, is know.<\/p>\n","protected":false},"excerpt":{"rendered":"<p>Bartsch Ill. nr 50 (II\/II). Good impression trimmed about 7 mm in width and 4 mm at top, of 2nd state (of 2), the plate trimmed. Tip of the upper left angle gauche missing; small thin paper areas in the left angles; horizontal fold open at right; some small corps \u00e9trangers (inherent to paper ?). [&hellip;]<\/p>\n","protected":false},"featured_media":23292,"template":"","meta":{"_acf_changed":false,"_et_pb_use_builder":"","_et_pb_old_content":"","_et_gb_content_width":"","inline_featured_image":false},"product_brand":[],"product_cat":[3676,3672,3675],"product_tag":[],"pa_product_author":[716],"class_list":{"0":"post-23393","1":"product","2":"type-product","3":"status-publish","4":"has-post-thumbnail","6":"product_cat-17th-century","7":"product_cat-prints","8":"product_cat-italian-school","9":"pa_product_author-giovanni-benedetto-castiglione","11":"first","12":"outofstock","13":"shipping-taxable","14":"product-type-simple"},"acf":[],"_links":{"self":[{"href":"https:\/\/galerie-seydoux.fr\/en\/wp-json\/wp\/v2\/product\/23393","targetHints":{"allow":["GET"]}}],"collection":[{"href":"https:\/\/galerie-seydoux.fr\/en\/wp-json\/wp\/v2\/product"}],"about":[{"href":"https:\/\/galerie-seydoux.fr\/en\/wp-json\/wp\/v2\/types\/product"}],"wp:featuredmedia":[{"embeddable":true,"href":"https:\/\/galerie-seydoux.fr\/en\/wp-json\/wp\/v2\/media\/23292"}],"wp:attachment":[{"href":"https:\/\/galerie-seydoux.fr\/en\/wp-json\/wp\/v2\/media?parent=23393"}],"wp:term":[{"taxonomy":"product_brand","embeddable":true,"href":"https:\/\/galerie-seydoux.fr\/en\/wp-json\/wp\/v2\/product_brand?post=23393"},{"taxonomy":"product_cat","embeddable":true,"href":"https:\/\/galerie-seydoux.fr\/en\/wp-json\/wp\/v2\/product_cat?post=23393"},{"taxonomy":"product_tag","embeddable":true,"href":"https:\/\/galerie-seydoux.fr\/en\/wp-json\/wp\/v2\/product_tag?post=23393"},{"taxonomy":"pa_product_author","embeddable":true,"href":"https:\/\/galerie-seydoux.fr\/en\/wp-json\/wp\/v2\/pa_product_author?post=23393"}],"curies":[{"name":"wp","href":"https:\/\/api.w.org\/{rel}","templated":true}]}}