{"id":23014,"date":"2025-06-03T14:00:42","date_gmt":"2025-06-03T12:00:42","guid":{"rendered":"https:\/\/galerie-seydoux.fr\/?post_type=product&#038;p=23014"},"modified":"2025-10-02T15:34:30","modified_gmt":"2025-10-02T13:34:30","slug":"israel-silvestre-palais-de-madame-la-conetable-de-lesdiguieres-a-grenoble-ca-1660","status":"publish","type":"product","link":"https:\/\/galerie-seydoux.fr\/en\/collections\/israel-silvestre-palais-de-madame-la-conetable-de-lesdiguieres-a-grenoble-ca-1660\/","title":{"rendered":"Isra\u00ebl SILVESTRE &#8211; Palais de Madame la Con\u00e9table de Lesdigui\u00e8res \u00e0 Grenoble, ca 1660"},"content":{"rendered":"<p>Faucheux nr 51-20. Good impression. Backed on old laid paper; small foxing on the back. Edition slightly tardive, with van der Bruggen&#8217;s address.<\/p>\n","protected":false},"excerpt":{"rendered":"<p>Faucheux nr 51-20. Good impression. Backed on old laid paper; small foxing on the back. Edition slightly tardive, with van der Bruggen&#8217;s address.<\/p>\n","protected":false},"featured_media":22909,"template":"","meta":{"_acf_changed":false,"_et_pb_use_builder":"","_et_pb_old_content":"","_et_gb_content_width":"","inline_featured_image":false},"product_brand":[],"product_cat":[3676,3672,3674],"product_tag":[],"pa_product_author":[1540],"class_list":{"0":"post-23014","1":"product","2":"type-product","3":"status-publish","4":"has-post-thumbnail","6":"product_cat-17th-century","7":"product_cat-prints","8":"product_cat-french-school","9":"pa_product_author-israel-silvestre-en","11":"first","12":"instock","13":"shipping-taxable","14":"purchasable","15":"product-type-simple"},"acf":[],"_links":{"self":[{"href":"https:\/\/galerie-seydoux.fr\/en\/wp-json\/wp\/v2\/product\/23014","targetHints":{"allow":["GET"]}}],"collection":[{"href":"https:\/\/galerie-seydoux.fr\/en\/wp-json\/wp\/v2\/product"}],"about":[{"href":"https:\/\/galerie-seydoux.fr\/en\/wp-json\/wp\/v2\/types\/product"}],"wp:featuredmedia":[{"embeddable":true,"href":"https:\/\/galerie-seydoux.fr\/en\/wp-json\/wp\/v2\/media\/22909"}],"wp:attachment":[{"href":"https:\/\/galerie-seydoux.fr\/en\/wp-json\/wp\/v2\/media?parent=23014"}],"wp:term":[{"taxonomy":"product_brand","embeddable":true,"href":"https:\/\/galerie-seydoux.fr\/en\/wp-json\/wp\/v2\/product_brand?post=23014"},{"taxonomy":"product_cat","embeddable":true,"href":"https:\/\/galerie-seydoux.fr\/en\/wp-json\/wp\/v2\/product_cat?post=23014"},{"taxonomy":"product_tag","embeddable":true,"href":"https:\/\/galerie-seydoux.fr\/en\/wp-json\/wp\/v2\/product_tag?post=23014"},{"taxonomy":"pa_product_author","embeddable":true,"href":"https:\/\/galerie-seydoux.fr\/en\/wp-json\/wp\/v2\/pa_product_author?post=23014"}],"curies":[{"name":"wp","href":"https:\/\/api.w.org\/{rel}","templated":true}]}}