{"id":23005,"date":"2025-06-03T14:00:55","date_gmt":"2025-06-03T12:00:55","guid":{"rendered":"https:\/\/galerie-seydoux.fr\/?post_type=product&#038;p=23005"},"modified":"2025-10-07T14:41:35","modified_gmt":"2025-10-07T12:41:35","slug":"dapres-johannes-stradanus-linvention-de-la-poudre-ca-1588","status":"publish","type":"product","link":"https:\/\/galerie-seydoux.fr\/en\/collections\/dapres-johannes-stradanus-linvention-de-la-poudre-ca-1588\/","title":{"rendered":"after Johannes STRADANUS &#8211; L&#8217;invention de la poudre, ca 1588"},"content":{"rendered":"<p>New Hollstein nr 325 (I\/III). Good impression of first state (of three), before la modification de l&#8217;adresse. Forte oxydation du feuillet; traces de pli vertical m\u00e9dian; some tiny pinhole and innombrable small rousseurs \u00e9parses. Good margins. Watermark : double C couronn\u00e9. Plate to the set of &#8220;Nouvelles inventions des Temps Modernes&#8221;, 1588-1591.<\/p>\n","protected":false},"excerpt":{"rendered":"<p>New Hollstein nr 325 (I\/III). Good impression of first state (of three), before la modification de l&#8217;adresse. Forte oxydation du feuillet; traces de pli vertical m\u00e9dian; some tiny pinhole and innombrable small rousseurs \u00e9parses. Good margins. Watermark : double C couronn\u00e9. Plate to the set of &#8220;Nouvelles inventions des Temps Modernes&#8221;, 1588-1591.<\/p>\n","protected":false},"featured_media":22721,"template":"","meta":{"_acf_changed":false,"_et_pb_use_builder":"","_et_pb_old_content":"","_et_gb_content_width":"","inline_featured_image":false},"product_brand":[],"product_cat":[3670,3672,3678],"product_tag":[],"pa_product_author":[4254],"class_list":{"0":"post-23005","1":"product","2":"type-product","3":"status-publish","4":"has-post-thumbnail","6":"product_cat-16th-century","7":"product_cat-prints","8":"product_cat-northern-school","9":"pa_product_author-johannes-stradanus","11":"first","12":"outofstock","13":"shipping-taxable","14":"product-type-simple"},"acf":[],"_links":{"self":[{"href":"https:\/\/galerie-seydoux.fr\/en\/wp-json\/wp\/v2\/product\/23005","targetHints":{"allow":["GET"]}}],"collection":[{"href":"https:\/\/galerie-seydoux.fr\/en\/wp-json\/wp\/v2\/product"}],"about":[{"href":"https:\/\/galerie-seydoux.fr\/en\/wp-json\/wp\/v2\/types\/product"}],"wp:featuredmedia":[{"embeddable":true,"href":"https:\/\/galerie-seydoux.fr\/en\/wp-json\/wp\/v2\/media\/22721"}],"wp:attachment":[{"href":"https:\/\/galerie-seydoux.fr\/en\/wp-json\/wp\/v2\/media?parent=23005"}],"wp:term":[{"taxonomy":"product_brand","embeddable":true,"href":"https:\/\/galerie-seydoux.fr\/en\/wp-json\/wp\/v2\/product_brand?post=23005"},{"taxonomy":"product_cat","embeddable":true,"href":"https:\/\/galerie-seydoux.fr\/en\/wp-json\/wp\/v2\/product_cat?post=23005"},{"taxonomy":"product_tag","embeddable":true,"href":"https:\/\/galerie-seydoux.fr\/en\/wp-json\/wp\/v2\/product_tag?post=23005"},{"taxonomy":"pa_product_author","embeddable":true,"href":"https:\/\/galerie-seydoux.fr\/en\/wp-json\/wp\/v2\/pa_product_author?post=23005"}],"curies":[{"name":"wp","href":"https:\/\/api.w.org\/{rel}","templated":true}]}}