{"id":22989,"date":"2025-06-03T14:00:56","date_gmt":"2025-06-03T12:00:56","guid":{"rendered":"https:\/\/galerie-seydoux.fr\/?post_type=product&#038;p=22989"},"modified":"2025-10-02T15:06:01","modified_gmt":"2025-10-02T13:06:01","slug":"philippe-louis-parizeau-la-priere-de-saint-andre-le-martyre-de-saint-barthelemy","status":"publish","type":"product","link":"https:\/\/galerie-seydoux.fr\/en\/collections\/philippe-louis-parizeau-la-priere-de-saint-andre-le-martyre-de-saint-barthelemy\/","title":{"rendered":"Philippe Louis PARIZEAU &#8211; La Pri\u00e8re de saint Andr\u00e9 &#8211; Le Martyre de saint Barth\u00e9l\u00e9my"},"content":{"rendered":"<p>Cf Portalis and Beraldi page 270. Good impressions trimmed out the borderline, forming pair. Contrecoll\u00e9es sur v\u00e9lin; foxings; strong stains and oxidation.<\/p>\n","protected":false},"excerpt":{"rendered":"<p>Cf Portalis and Beraldi page 270. Good impressions trimmed out the borderline, forming pair. Contrecoll\u00e9es sur v\u00e9lin; foxings; strong stains and oxidation.<\/p>\n","protected":false},"featured_media":22761,"template":"","meta":{"_acf_changed":false,"_et_pb_use_builder":"","_et_pb_old_content":"","_et_gb_content_width":"","inline_featured_image":false},"product_brand":[],"product_cat":[3673,3672,3674],"product_tag":[],"pa_product_author":[],"class_list":{"0":"post-22989","1":"product","2":"type-product","3":"status-publish","4":"has-post-thumbnail","6":"product_cat-18th-century","7":"product_cat-prints","8":"product_cat-french-school","10":"first","11":"instock","12":"shipping-taxable","13":"purchasable","14":"product-type-simple"},"acf":[],"_links":{"self":[{"href":"https:\/\/galerie-seydoux.fr\/en\/wp-json\/wp\/v2\/product\/22989","targetHints":{"allow":["GET"]}}],"collection":[{"href":"https:\/\/galerie-seydoux.fr\/en\/wp-json\/wp\/v2\/product"}],"about":[{"href":"https:\/\/galerie-seydoux.fr\/en\/wp-json\/wp\/v2\/types\/product"}],"wp:featuredmedia":[{"embeddable":true,"href":"https:\/\/galerie-seydoux.fr\/en\/wp-json\/wp\/v2\/media\/22761"}],"wp:attachment":[{"href":"https:\/\/galerie-seydoux.fr\/en\/wp-json\/wp\/v2\/media?parent=22989"}],"wp:term":[{"taxonomy":"product_brand","embeddable":true,"href":"https:\/\/galerie-seydoux.fr\/en\/wp-json\/wp\/v2\/product_brand?post=22989"},{"taxonomy":"product_cat","embeddable":true,"href":"https:\/\/galerie-seydoux.fr\/en\/wp-json\/wp\/v2\/product_cat?post=22989"},{"taxonomy":"product_tag","embeddable":true,"href":"https:\/\/galerie-seydoux.fr\/en\/wp-json\/wp\/v2\/product_tag?post=22989"},{"taxonomy":"pa_product_author","embeddable":true,"href":"https:\/\/galerie-seydoux.fr\/en\/wp-json\/wp\/v2\/pa_product_author?post=22989"}],"curies":[{"name":"wp","href":"https:\/\/api.w.org\/{rel}","templated":true}]}}