{"id":22981,"date":"2025-06-03T14:00:49","date_gmt":"2025-06-03T12:00:49","guid":{"rendered":"https:\/\/galerie-seydoux.fr\/?post_type=product&#038;p=22981"},"modified":"2025-10-02T15:19:20","modified_gmt":"2025-10-02T13:19:20","slug":"j-chereau-editeur-a-paris-vue-du-pont-de-la-concorde","status":"publish","type":"product","link":"https:\/\/galerie-seydoux.fr\/en\/collections\/j-chereau-editeur-a-paris-vue-du-pont-de-la-concorde\/","title":{"rendered":"J. CH\u00c9REAU \u00e9diteur \u00e0 Paris &#8211; Vue du Pont de la Concorde"},"content":{"rendered":"<p>Good impression on laid paper in colors of the time. Marginal tears; marginal creases and slight stains and dusty.<\/p>\n","protected":false},"excerpt":{"rendered":"<p>Good impression on laid paper in colors of the time. Marginal tears; marginal creases and slight stains and dusty.<\/p>\n","protected":false},"featured_media":22723,"template":"","meta":{"_acf_changed":false,"_et_pb_use_builder":"","_et_pb_old_content":"","_et_gb_content_width":"","inline_featured_image":false},"product_brand":[],"product_cat":[3673,3680,3672,3674],"product_tag":[],"pa_product_author":[],"class_list":{"0":"post-22981","1":"product","2":"type-product","3":"status-publish","4":"has-post-thumbnail","6":"product_cat-18th-century","7":"product_cat-19th-century","8":"product_cat-prints","9":"product_cat-french-school","11":"first","12":"instock","13":"shipping-taxable","14":"purchasable","15":"product-type-simple"},"acf":[],"_links":{"self":[{"href":"https:\/\/galerie-seydoux.fr\/en\/wp-json\/wp\/v2\/product\/22981","targetHints":{"allow":["GET"]}}],"collection":[{"href":"https:\/\/galerie-seydoux.fr\/en\/wp-json\/wp\/v2\/product"}],"about":[{"href":"https:\/\/galerie-seydoux.fr\/en\/wp-json\/wp\/v2\/types\/product"}],"wp:featuredmedia":[{"embeddable":true,"href":"https:\/\/galerie-seydoux.fr\/en\/wp-json\/wp\/v2\/media\/22723"}],"wp:attachment":[{"href":"https:\/\/galerie-seydoux.fr\/en\/wp-json\/wp\/v2\/media?parent=22981"}],"wp:term":[{"taxonomy":"product_brand","embeddable":true,"href":"https:\/\/galerie-seydoux.fr\/en\/wp-json\/wp\/v2\/product_brand?post=22981"},{"taxonomy":"product_cat","embeddable":true,"href":"https:\/\/galerie-seydoux.fr\/en\/wp-json\/wp\/v2\/product_cat?post=22981"},{"taxonomy":"product_tag","embeddable":true,"href":"https:\/\/galerie-seydoux.fr\/en\/wp-json\/wp\/v2\/product_tag?post=22981"},{"taxonomy":"pa_product_author","embeddable":true,"href":"https:\/\/galerie-seydoux.fr\/en\/wp-json\/wp\/v2\/pa_product_author?post=22981"}],"curies":[{"name":"wp","href":"https:\/\/api.w.org\/{rel}","templated":true}]}}