{"id":22977,"date":"2025-06-03T14:00:46","date_gmt":"2025-06-03T12:00:46","guid":{"rendered":"https:\/\/galerie-seydoux.fr\/?post_type=product&#038;p=22977"},"modified":"2025-10-02T15:27:27","modified_gmt":"2025-10-02T13:27:27","slug":"israel-silvestre-veue-et-perspective-du-chateau-decouen-ca-1650","status":"publish","type":"product","link":"https:\/\/galerie-seydoux.fr\/en\/collections\/israel-silvestre-veue-et-perspective-du-chateau-decouen-ca-1650\/","title":{"rendered":"Isra\u00ebl SILVESTRE &#8211; Veue et Perspective du Ch\u00e2teau d&#8217;\u00c9couen, ca 1650"},"content":{"rendered":"<p>Faucheux nr 62-16 and 210. Good impressions. Strong oxidation and \/ or trace of glue along the edges; backed on old laid paper. Thread margins. Two plates of two set of diff\u00e9rent view.<\/p>\n","protected":false},"excerpt":{"rendered":"<p>Faucheux nr 62-16 and 210. Good impressions. Strong oxidation and \/ or trace of glue along the edges; backed on old laid paper. Thread margins. Two plates of two set of diff\u00e9rent view.<\/p>\n","protected":false},"featured_media":22881,"template":"","meta":{"_acf_changed":false,"_et_pb_use_builder":"","_et_pb_old_content":"","_et_gb_content_width":"","inline_featured_image":false},"product_brand":[],"product_cat":[3676,3672,3674],"product_tag":[],"pa_product_author":[],"class_list":{"0":"post-22977","1":"product","2":"type-product","3":"status-publish","4":"has-post-thumbnail","6":"product_cat-17th-century","7":"product_cat-prints","8":"product_cat-french-school","10":"first","11":"instock","12":"shipping-taxable","13":"purchasable","14":"product-type-simple"},"acf":[],"_links":{"self":[{"href":"https:\/\/galerie-seydoux.fr\/en\/wp-json\/wp\/v2\/product\/22977","targetHints":{"allow":["GET"]}}],"collection":[{"href":"https:\/\/galerie-seydoux.fr\/en\/wp-json\/wp\/v2\/product"}],"about":[{"href":"https:\/\/galerie-seydoux.fr\/en\/wp-json\/wp\/v2\/types\/product"}],"wp:featuredmedia":[{"embeddable":true,"href":"https:\/\/galerie-seydoux.fr\/en\/wp-json\/wp\/v2\/media\/22881"}],"wp:attachment":[{"href":"https:\/\/galerie-seydoux.fr\/en\/wp-json\/wp\/v2\/media?parent=22977"}],"wp:term":[{"taxonomy":"product_brand","embeddable":true,"href":"https:\/\/galerie-seydoux.fr\/en\/wp-json\/wp\/v2\/product_brand?post=22977"},{"taxonomy":"product_cat","embeddable":true,"href":"https:\/\/galerie-seydoux.fr\/en\/wp-json\/wp\/v2\/product_cat?post=22977"},{"taxonomy":"product_tag","embeddable":true,"href":"https:\/\/galerie-seydoux.fr\/en\/wp-json\/wp\/v2\/product_tag?post=22977"},{"taxonomy":"pa_product_author","embeddable":true,"href":"https:\/\/galerie-seydoux.fr\/en\/wp-json\/wp\/v2\/pa_product_author?post=22977"}],"curies":[{"name":"wp","href":"https:\/\/api.w.org\/{rel}","templated":true}]}}