{"id":22663,"date":"2016-07-05T16:52:44","date_gmt":"2016-07-05T14:52:44","guid":{"rendered":"https:\/\/galerie-seydoux.fr\/?post_type=product&#038;p=22663"},"modified":"2025-11-05T10:23:32","modified_gmt":"2025-11-05T09:23:32","slug":"paul-huet-chateau-papes-a-avignon-1834","status":"publish","type":"product","link":"https:\/\/galerie-seydoux.fr\/en\/collections\/paul-huet-chateau-papes-a-avignon-1834\/","title":{"rendered":"Paul HUET &#8211; Le ch\u00e2teau des Papes \u00e0 Avignon, 1834"},"content":{"rendered":"<p>Delteil n\u00b020 (III\/III). Tr\u00e8s belle \u00e9preuve sur chine appliqu\u00e9 sur v\u00e9lin, de l&#8217;\u00e9tat d\u00e9finitif, le cuivre r\u00e9duit. D\u00e9chirures dans les grandes marges, quelques rousseurs marginales et empoussi\u00e9r\u00e9e. Cachet de l&#8217;artiste (Lugt n\u00b01269).<\/p>\n","protected":false},"excerpt":{"rendered":"<p>Paul HUET<br \/>\n1803 Paris + 1869 Paris<br \/>\nEau-forte originale<\/p>\n","protected":false},"featured_media":18468,"template":"","meta":{"_acf_changed":false,"_et_pb_use_builder":"","_et_pb_old_content":"","_et_gb_content_width":"","inline_featured_image":false},"product_brand":[],"product_cat":[3680,3672,3674],"product_tag":[],"pa_product_author":[],"class_list":{"0":"post-22663","1":"product","2":"type-product","3":"status-publish","4":"has-post-thumbnail","6":"product_cat-19th-century","7":"product_cat-prints","8":"product_cat-french-school","10":"first","11":"instock","12":"shipping-taxable","13":"purchasable","14":"product-type-simple"},"acf":[],"_links":{"self":[{"href":"https:\/\/galerie-seydoux.fr\/en\/wp-json\/wp\/v2\/product\/22663","targetHints":{"allow":["GET"]}}],"collection":[{"href":"https:\/\/galerie-seydoux.fr\/en\/wp-json\/wp\/v2\/product"}],"about":[{"href":"https:\/\/galerie-seydoux.fr\/en\/wp-json\/wp\/v2\/types\/product"}],"wp:featuredmedia":[{"embeddable":true,"href":"https:\/\/galerie-seydoux.fr\/en\/wp-json\/wp\/v2\/media\/18468"}],"wp:attachment":[{"href":"https:\/\/galerie-seydoux.fr\/en\/wp-json\/wp\/v2\/media?parent=22663"}],"wp:term":[{"taxonomy":"product_brand","embeddable":true,"href":"https:\/\/galerie-seydoux.fr\/en\/wp-json\/wp\/v2\/product_brand?post=22663"},{"taxonomy":"product_cat","embeddable":true,"href":"https:\/\/galerie-seydoux.fr\/en\/wp-json\/wp\/v2\/product_cat?post=22663"},{"taxonomy":"product_tag","embeddable":true,"href":"https:\/\/galerie-seydoux.fr\/en\/wp-json\/wp\/v2\/product_tag?post=22663"},{"taxonomy":"pa_product_author","embeddable":true,"href":"https:\/\/galerie-seydoux.fr\/en\/wp-json\/wp\/v2\/pa_product_author?post=22663"}],"curies":[{"name":"wp","href":"https:\/\/api.w.org\/{rel}","templated":true}]}}