{"id":22624,"date":"2025-03-26T16:00:47","date_gmt":"2025-03-26T15:00:47","guid":{"rendered":"https:\/\/galerie-seydoux.fr\/?post_type=product&#038;p=22624"},"modified":"2025-05-27T15:39:34","modified_gmt":"2025-05-27T13:39:34","slug":"hendrick-goudt-la-moquerie-de-ceres-ou-ceres-cherchant-sa-fille-1610","status":"publish","type":"product","link":"https:\/\/galerie-seydoux.fr\/en\/collections\/hendrick-goudt-la-moquerie-de-ceres-ou-ceres-cherchant-sa-fille-1610\/","title":{"rendered":"Hendrick GOUDT &#8211; La Moquerie de C\u00e9r\u00e8s (or C\u00e9r\u00e8s cherchant sa fille), 1610"},"content":{"rendered":"<p>Hollstein nr 5. Superb impression of the only state. Small foxings, surtout visibles in the small margins and on the back, rests of mounting paper in the upper angles on the back. Watermark : lion dans un \u00e9cu couronn\u00e9 with initiales de papetier and chiffre 4 at foot (Churchill nr 294, dated 1610). Ex collection Paul Delaroff (Lugt nr 663).<\/p>\n","protected":false},"excerpt":{"rendered":"<p>Hollstein nr 5. Superb impression of the only state. Small foxings, surtout visibles in the small margins and on the back, rests of mounting paper in the upper angles on the back. Watermark : lion dans un \u00e9cu couronn\u00e9 with initiales de papetier and chiffre 4 at foot (Churchill nr 294, dated 1610). Ex collection [&hellip;]<\/p>\n","protected":false},"featured_media":22567,"template":"","meta":{"_acf_changed":false,"_et_pb_use_builder":"","_et_pb_old_content":"","_et_gb_content_width":"","inline_featured_image":false},"product_brand":[],"product_cat":[3676,3672,3678],"product_tag":[],"pa_product_author":[],"class_list":{"0":"post-22624","1":"product","2":"type-product","3":"status-publish","4":"has-post-thumbnail","6":"product_cat-17th-century","7":"product_cat-prints","8":"product_cat-northern-school","10":"first","11":"outofstock","12":"shipping-taxable","13":"product-type-simple"},"acf":[],"_links":{"self":[{"href":"https:\/\/galerie-seydoux.fr\/en\/wp-json\/wp\/v2\/product\/22624","targetHints":{"allow":["GET"]}}],"collection":[{"href":"https:\/\/galerie-seydoux.fr\/en\/wp-json\/wp\/v2\/product"}],"about":[{"href":"https:\/\/galerie-seydoux.fr\/en\/wp-json\/wp\/v2\/types\/product"}],"wp:featuredmedia":[{"embeddable":true,"href":"https:\/\/galerie-seydoux.fr\/en\/wp-json\/wp\/v2\/media\/22567"}],"wp:attachment":[{"href":"https:\/\/galerie-seydoux.fr\/en\/wp-json\/wp\/v2\/media?parent=22624"}],"wp:term":[{"taxonomy":"product_brand","embeddable":true,"href":"https:\/\/galerie-seydoux.fr\/en\/wp-json\/wp\/v2\/product_brand?post=22624"},{"taxonomy":"product_cat","embeddable":true,"href":"https:\/\/galerie-seydoux.fr\/en\/wp-json\/wp\/v2\/product_cat?post=22624"},{"taxonomy":"product_tag","embeddable":true,"href":"https:\/\/galerie-seydoux.fr\/en\/wp-json\/wp\/v2\/product_tag?post=22624"},{"taxonomy":"pa_product_author","embeddable":true,"href":"https:\/\/galerie-seydoux.fr\/en\/wp-json\/wp\/v2\/pa_product_author?post=22624"}],"curies":[{"name":"wp","href":"https:\/\/api.w.org\/{rel}","templated":true}]}}