{"id":22604,"date":"2025-03-26T16:00:49","date_gmt":"2025-03-26T15:00:49","guid":{"rendered":"https:\/\/galerie-seydoux.fr\/?post_type=product&#038;p=22604"},"modified":"2025-05-27T15:37:46","modified_gmt":"2025-05-27T13:37:46","slug":"after-johannes-stradanus-linvention-de-limprimerie-ca-1588","status":"publish","type":"product","link":"https:\/\/galerie-seydoux.fr\/en\/collections\/after-johannes-stradanus-linvention-de-limprimerie-ca-1588\/","title":{"rendered":"after Johannes STRADANUS &#8211; L&#8217;Invention de l&#8217;imprimerie, ca 1588"},"content":{"rendered":"<p>New Hollstein nr 326 (I\/III). Very good impression of first state (of 3), before la modification du nom de l&#8217;\u00e9diteur. Oxidation of the sheet; some creases notamment vertical m\u00e9dian et quelques infimes trous d&#8217;\u00e9pingle. Watermark : double C couronn\u00e9. Wide margins. Plate to the set of &#8220;Nouvelles inventions des temps modernes&#8221;, ca 1588-1591.<\/p>\n","protected":false},"excerpt":{"rendered":"<p>New Hollstein nr 326 (I\/III). Very good impression of first state (of 3), before la modification du nom de l&#8217;\u00e9diteur. Oxidation of the sheet; some creases notamment vertical m\u00e9dian et quelques infimes trous d&#8217;\u00e9pingle. Watermark : double C couronn\u00e9. Wide margins. Plate to the set of &#8220;Nouvelles inventions des temps modernes&#8221;, ca 1588-1591.<\/p>\n","protected":false},"featured_media":22447,"template":"","meta":{"_acf_changed":false,"_et_pb_use_builder":"","_et_pb_old_content":"","_et_gb_content_width":"","inline_featured_image":false},"product_brand":[],"product_cat":[3670,3672,3678],"product_tag":[],"pa_product_author":[],"class_list":{"0":"post-22604","1":"product","2":"type-product","3":"status-publish","4":"has-post-thumbnail","6":"product_cat-16th-century","7":"product_cat-prints","8":"product_cat-northern-school","10":"first","11":"outofstock","12":"shipping-taxable","13":"product-type-simple"},"acf":[],"_links":{"self":[{"href":"https:\/\/galerie-seydoux.fr\/en\/wp-json\/wp\/v2\/product\/22604","targetHints":{"allow":["GET"]}}],"collection":[{"href":"https:\/\/galerie-seydoux.fr\/en\/wp-json\/wp\/v2\/product"}],"about":[{"href":"https:\/\/galerie-seydoux.fr\/en\/wp-json\/wp\/v2\/types\/product"}],"wp:featuredmedia":[{"embeddable":true,"href":"https:\/\/galerie-seydoux.fr\/en\/wp-json\/wp\/v2\/media\/22447"}],"wp:attachment":[{"href":"https:\/\/galerie-seydoux.fr\/en\/wp-json\/wp\/v2\/media?parent=22604"}],"wp:term":[{"taxonomy":"product_brand","embeddable":true,"href":"https:\/\/galerie-seydoux.fr\/en\/wp-json\/wp\/v2\/product_brand?post=22604"},{"taxonomy":"product_cat","embeddable":true,"href":"https:\/\/galerie-seydoux.fr\/en\/wp-json\/wp\/v2\/product_cat?post=22604"},{"taxonomy":"product_tag","embeddable":true,"href":"https:\/\/galerie-seydoux.fr\/en\/wp-json\/wp\/v2\/product_tag?post=22604"},{"taxonomy":"pa_product_author","embeddable":true,"href":"https:\/\/galerie-seydoux.fr\/en\/wp-json\/wp\/v2\/pa_product_author?post=22604"}],"curies":[{"name":"wp","href":"https:\/\/api.w.org\/{rel}","templated":true}]}}