{"id":22547,"date":"2025-03-26T16:00:44","date_gmt":"2025-03-26T15:00:44","guid":{"rendered":"https:\/\/galerie-seydoux.fr\/?post_type=product&#038;p=22547"},"modified":"2025-05-27T15:42:17","modified_gmt":"2025-05-27T13:42:17","slug":"albrecht-durer-la-deposition-1512","status":"publish","type":"product","link":"https:\/\/galerie-seydoux.fr\/en\/collections\/albrecht-durer-la-deposition-1512\/","title":{"rendered":"Albrecht D\u00dcRER &#8211; La D\u00e9position, 1512"},"content":{"rendered":"<p>Strauss nr 65. Meder nr 15 (a-b\/e). Very good impression irr\u00e9gularly trimmed at the platemark, of the only state a-b (sur e). Some amincissures, surtout en t\u00eate; small repair sur l&#8217;\u00e9paule de Marie-Madeleine and d\u00e9chirure restaur\u00e9e dans le bras de la Vierge; some small d\u00e9chirures restaur\u00e9es. Plate to the set de la &#8220;Petite Passion&#8221; on cupper.<\/p>\n","protected":false},"excerpt":{"rendered":"<p>Strauss nr 65. Meder nr 15 (a-b\/e). Very good impression irr\u00e9gularly trimmed at the platemark, of the only state a-b (sur e). Some amincissures, surtout en t\u00eate; small repair sur l&#8217;\u00e9paule de Marie-Madeleine and d\u00e9chirure restaur\u00e9e dans le bras de la Vierge; some small d\u00e9chirures restaur\u00e9es. Plate to the set de la &#8220;Petite Passion&#8221; on [&hellip;]<\/p>\n","protected":false},"featured_media":22570,"template":"","meta":{"_acf_changed":false,"_et_pb_use_builder":"","_et_pb_old_content":"","_et_gb_content_width":"","inline_featured_image":false},"product_brand":[],"product_cat":[3670,3672,3677],"product_tag":[],"pa_product_author":[1627],"class_list":{"0":"post-22547","1":"product","2":"type-product","3":"status-publish","4":"has-post-thumbnail","6":"product_cat-16th-century","7":"product_cat-prints","8":"product_cat-german-school","9":"pa_product_author-albrecht-durer-en","11":"first","12":"outofstock","13":"shipping-taxable","14":"product-type-simple"},"acf":[],"_links":{"self":[{"href":"https:\/\/galerie-seydoux.fr\/en\/wp-json\/wp\/v2\/product\/22547","targetHints":{"allow":["GET"]}}],"collection":[{"href":"https:\/\/galerie-seydoux.fr\/en\/wp-json\/wp\/v2\/product"}],"about":[{"href":"https:\/\/galerie-seydoux.fr\/en\/wp-json\/wp\/v2\/types\/product"}],"wp:featuredmedia":[{"embeddable":true,"href":"https:\/\/galerie-seydoux.fr\/en\/wp-json\/wp\/v2\/media\/22570"}],"wp:attachment":[{"href":"https:\/\/galerie-seydoux.fr\/en\/wp-json\/wp\/v2\/media?parent=22547"}],"wp:term":[{"taxonomy":"product_brand","embeddable":true,"href":"https:\/\/galerie-seydoux.fr\/en\/wp-json\/wp\/v2\/product_brand?post=22547"},{"taxonomy":"product_cat","embeddable":true,"href":"https:\/\/galerie-seydoux.fr\/en\/wp-json\/wp\/v2\/product_cat?post=22547"},{"taxonomy":"product_tag","embeddable":true,"href":"https:\/\/galerie-seydoux.fr\/en\/wp-json\/wp\/v2\/product_tag?post=22547"},{"taxonomy":"pa_product_author","embeddable":true,"href":"https:\/\/galerie-seydoux.fr\/en\/wp-json\/wp\/v2\/pa_product_author?post=22547"}],"curies":[{"name":"wp","href":"https:\/\/api.w.org\/{rel}","templated":true}]}}