{"id":22541,"date":"2025-03-26T16:00:18","date_gmt":"2025-03-26T15:00:18","guid":{"rendered":"https:\/\/galerie-seydoux.fr\/?post_type=product&#038;p=22541"},"modified":"2025-05-27T16:06:43","modified_gmt":"2025-05-27T14:06:43","slug":"jean-emile-laboureur-vieille-femme","status":"publish","type":"product","link":"https:\/\/galerie-seydoux.fr\/en\/collections\/jean-emile-laboureur-vieille-femme\/","title":{"rendered":"Jean \u00c9mile LABOUREUR &#8211; Vieille femme au march\u00e9, 1906"},"content":{"rendered":"<p>S. Laboureur nr 623. Very good impression on thin japan paper, of the only state, signed and numbered by blue pencel, du tirage de 1910 \u00e0 4 \u00e9preuves. Slight \u00e9pidermure marginale en haut \u00e0 droite. Small margins. Contrairement \u00e0 la justification, le tirage total ne se monte qu&#8217;\u00e0 19 \u00e9preuves, dont seulement dix du vivant de l&#8217;artiste.<\/p>\n","protected":false},"excerpt":{"rendered":"<p>S. Laboureur nr 623. Very good impression on thin japan paper, of the only state, signed and numbered by blue pencel, du tirage de 1910 \u00e0 4 \u00e9preuves. Slight \u00e9pidermure marginale en haut \u00e0 droite. Small margins. Contrairement \u00e0 la justification, le tirage total ne se monte qu&#8217;\u00e0 19 \u00e9preuves, dont seulement dix du vivant [&hellip;]<\/p>\n","protected":false},"featured_media":22585,"template":"","meta":{"_acf_changed":false,"_et_pb_use_builder":"","_et_pb_old_content":"","_et_gb_content_width":"","inline_featured_image":false},"product_brand":[],"product_cat":[3679,3672,3674],"product_tag":[],"pa_product_author":[4232],"class_list":{"0":"post-22541","1":"product","2":"type-product","3":"status-publish","4":"has-post-thumbnail","6":"product_cat-20th-century","7":"product_cat-prints","8":"product_cat-french-school","9":"pa_product_author-jean-emile-laboureur-en-2","11":"first","12":"instock","13":"shipping-taxable","14":"purchasable","15":"product-type-simple"},"acf":[],"_links":{"self":[{"href":"https:\/\/galerie-seydoux.fr\/en\/wp-json\/wp\/v2\/product\/22541","targetHints":{"allow":["GET"]}}],"collection":[{"href":"https:\/\/galerie-seydoux.fr\/en\/wp-json\/wp\/v2\/product"}],"about":[{"href":"https:\/\/galerie-seydoux.fr\/en\/wp-json\/wp\/v2\/types\/product"}],"wp:featuredmedia":[{"embeddable":true,"href":"https:\/\/galerie-seydoux.fr\/en\/wp-json\/wp\/v2\/media\/22585"}],"wp:attachment":[{"href":"https:\/\/galerie-seydoux.fr\/en\/wp-json\/wp\/v2\/media?parent=22541"}],"wp:term":[{"taxonomy":"product_brand","embeddable":true,"href":"https:\/\/galerie-seydoux.fr\/en\/wp-json\/wp\/v2\/product_brand?post=22541"},{"taxonomy":"product_cat","embeddable":true,"href":"https:\/\/galerie-seydoux.fr\/en\/wp-json\/wp\/v2\/product_cat?post=22541"},{"taxonomy":"product_tag","embeddable":true,"href":"https:\/\/galerie-seydoux.fr\/en\/wp-json\/wp\/v2\/product_tag?post=22541"},{"taxonomy":"pa_product_author","embeddable":true,"href":"https:\/\/galerie-seydoux.fr\/en\/wp-json\/wp\/v2\/pa_product_author?post=22541"}],"curies":[{"name":"wp","href":"https:\/\/api.w.org\/{rel}","templated":true}]}}