{"id":22511,"date":"2025-03-26T16:00:49","date_gmt":"2025-03-26T15:00:49","guid":{"rendered":"https:\/\/galerie-seydoux.fr\/?post_type=product&#038;p=22511"},"modified":"2025-05-27T15:38:20","modified_gmt":"2025-05-27T13:38:20","slug":"allaert-van-everdingen-the-waterfall-near-the-water-mill","status":"publish","type":"product","link":"https:\/\/galerie-seydoux.fr\/en\/collections\/allaert-van-everdingen-the-waterfall-near-the-water-mill\/","title":{"rendered":"Allaert van EVERDINGEN &#8211; The waterfall near the water mill"},"content":{"rendered":"<p>Hollstein nr 102 (V\/V). Very good impression of the last state, withe the last works. Some small amincissures on the edges, one slightly tear at upper left; tiny marginal tear; some rare small stains and slight marginal oxidation. Watermark : paper maker&#8217;s name. Ex collection R.P. Goldschmidt (Lugt 292) and B. Keller (Lugt 384). D&#8217;un format more large as usual, van Everdingen associe at this landscape, mouvement\u00e9 et charg\u00e9 la qui\u00e9tude du personnage assis at left. Les peintures and northern landscape of van Everdingen inspir\u00e8rent les artistes romantiques allemands et norv\u00e9giens. Goethe copia this etching in 1781. Our impression provient de deux grands collectionneurs de l&#8217;\u00e9cole hollandaise.<\/p>\n","protected":false},"excerpt":{"rendered":"<p>Hollstein nr 102 (V\/V). Very good impression of the last state, withe the last works. Some small amincissures on the edges, one slightly tear at upper left; tiny marginal tear; some rare small stains and slight marginal oxidation. Watermark : paper maker&#8217;s name. Ex collection R.P. Goldschmidt (Lugt 292) and B. Keller (Lugt 384). D&#8217;un [&hellip;]<\/p>\n","protected":false},"featured_media":22564,"template":"","meta":{"_acf_changed":false,"_et_pb_use_builder":"","_et_pb_old_content":"","_et_gb_content_width":"","inline_featured_image":false},"product_brand":[],"product_cat":[3676,3672,3678],"product_tag":[],"pa_product_author":[1449],"class_list":{"0":"post-22511","1":"product","2":"type-product","3":"status-publish","4":"has-post-thumbnail","6":"product_cat-17th-century","7":"product_cat-prints","8":"product_cat-northern-school","9":"pa_product_author-allaert-van-everdingen-en","11":"first","12":"outofstock","13":"shipping-taxable","14":"product-type-simple"},"acf":[],"_links":{"self":[{"href":"https:\/\/galerie-seydoux.fr\/en\/wp-json\/wp\/v2\/product\/22511","targetHints":{"allow":["GET"]}}],"collection":[{"href":"https:\/\/galerie-seydoux.fr\/en\/wp-json\/wp\/v2\/product"}],"about":[{"href":"https:\/\/galerie-seydoux.fr\/en\/wp-json\/wp\/v2\/types\/product"}],"wp:featuredmedia":[{"embeddable":true,"href":"https:\/\/galerie-seydoux.fr\/en\/wp-json\/wp\/v2\/media\/22564"}],"wp:attachment":[{"href":"https:\/\/galerie-seydoux.fr\/en\/wp-json\/wp\/v2\/media?parent=22511"}],"wp:term":[{"taxonomy":"product_brand","embeddable":true,"href":"https:\/\/galerie-seydoux.fr\/en\/wp-json\/wp\/v2\/product_brand?post=22511"},{"taxonomy":"product_cat","embeddable":true,"href":"https:\/\/galerie-seydoux.fr\/en\/wp-json\/wp\/v2\/product_cat?post=22511"},{"taxonomy":"product_tag","embeddable":true,"href":"https:\/\/galerie-seydoux.fr\/en\/wp-json\/wp\/v2\/product_tag?post=22511"},{"taxonomy":"pa_product_author","embeddable":true,"href":"https:\/\/galerie-seydoux.fr\/en\/wp-json\/wp\/v2\/pa_product_author?post=22511"}],"curies":[{"name":"wp","href":"https:\/\/api.w.org\/{rel}","templated":true}]}}