{"id":22490,"date":"2025-03-26T16:00:56","date_gmt":"2025-03-26T15:00:56","guid":{"rendered":"https:\/\/galerie-seydoux.fr\/?post_type=product&#038;p=22490"},"modified":"2025-05-27T15:33:44","modified_gmt":"2025-05-27T13:33:44","slug":"fernand-piet-interieur-ca-1900","status":"publish","type":"product","link":"https:\/\/galerie-seydoux.fr\/en\/collections\/fernand-piet-interieur-ca-1900\/","title":{"rendered":"Fernand PIET &#8211; Int\u00e9rieur, ca 1900"},"content":{"rendered":"<p>Steingr\u00e4ber n\u00b047. Tr\u00e8s belle \u00e9preuve d&#8217;essai sur verg\u00e9 imprim\u00e9e en brun clair. Traces de plis sur les bords des marges; quelques rousseurs aux bords de marges. Grandes marges.<\/p>\n","protected":false},"excerpt":{"rendered":"<p>Steingr\u00e4ber n\u00b047. Tr\u00e8s belle \u00e9preuve d&#8217;essai sur verg\u00e9 imprim\u00e9e en brun clair. Traces de plis sur les bords des marges; quelques rousseurs aux bords de marges. Grandes marges.<\/p>\n","protected":false},"featured_media":22380,"template":"","meta":{"_acf_changed":false,"_et_pb_use_builder":"","_et_pb_old_content":"","_et_gb_content_width":"","inline_featured_image":false},"product_brand":[],"product_cat":[3680,3679,3672,3674],"product_tag":[],"pa_product_author":[],"class_list":{"0":"post-22490","1":"product","2":"type-product","3":"status-publish","4":"has-post-thumbnail","6":"product_cat-19th-century","7":"product_cat-20th-century","8":"product_cat-prints","9":"product_cat-french-school","11":"first","12":"instock","13":"shipping-taxable","14":"purchasable","15":"product-type-simple"},"acf":[],"_links":{"self":[{"href":"https:\/\/galerie-seydoux.fr\/en\/wp-json\/wp\/v2\/product\/22490","targetHints":{"allow":["GET"]}}],"collection":[{"href":"https:\/\/galerie-seydoux.fr\/en\/wp-json\/wp\/v2\/product"}],"about":[{"href":"https:\/\/galerie-seydoux.fr\/en\/wp-json\/wp\/v2\/types\/product"}],"wp:featuredmedia":[{"embeddable":true,"href":"https:\/\/galerie-seydoux.fr\/en\/wp-json\/wp\/v2\/media\/22380"}],"wp:attachment":[{"href":"https:\/\/galerie-seydoux.fr\/en\/wp-json\/wp\/v2\/media?parent=22490"}],"wp:term":[{"taxonomy":"product_brand","embeddable":true,"href":"https:\/\/galerie-seydoux.fr\/en\/wp-json\/wp\/v2\/product_brand?post=22490"},{"taxonomy":"product_cat","embeddable":true,"href":"https:\/\/galerie-seydoux.fr\/en\/wp-json\/wp\/v2\/product_cat?post=22490"},{"taxonomy":"product_tag","embeddable":true,"href":"https:\/\/galerie-seydoux.fr\/en\/wp-json\/wp\/v2\/product_tag?post=22490"},{"taxonomy":"pa_product_author","embeddable":true,"href":"https:\/\/galerie-seydoux.fr\/en\/wp-json\/wp\/v2\/pa_product_author?post=22490"}],"curies":[{"name":"wp","href":"https:\/\/api.w.org\/{rel}","templated":true}]}}