{"id":22487,"date":"2025-03-26T16:00:36","date_gmt":"2025-03-26T15:00:36","guid":{"rendered":"https:\/\/galerie-seydoux.fr\/?post_type=product&#038;p=22487"},"modified":"2025-05-27T15:51:20","modified_gmt":"2025-05-27T13:51:20","slug":"maitre-au-de-scene-navale","status":"publish","type":"product","link":"https:\/\/galerie-seydoux.fr\/en\/collections\/maitre-au-de-scene-navale\/","title":{"rendered":"Ma\u00eetre au D\u00c9 &#8211; Sc\u00e8ne navale"},"content":{"rendered":"<p>Bartsch Ill. XXIX-78. Very good impression of the only state (?). Traces de plis dans les angles sup\u00e9rieurs, a rest of papier de montage coll\u00e9 au verso. Small margins. Watermark : ours or lion dans un \u00e9cu.<\/p>\n","protected":false},"excerpt":{"rendered":"<p>Bartsch Ill. XXIX-78. Very good impression of the only state (?). Traces de plis dans les angles sup\u00e9rieurs, a rest of papier de montage coll\u00e9 au verso. Small margins. Watermark : ours or lion dans un \u00e9cu.<\/p>\n","protected":false},"featured_media":22593,"template":"","meta":{"_acf_changed":false,"_et_pb_use_builder":"","_et_pb_old_content":"","_et_gb_content_width":"","inline_featured_image":false},"product_brand":[],"product_cat":[3670,3672,3675],"product_tag":[],"pa_product_author":[4265],"class_list":{"0":"post-22487","1":"product","2":"type-product","3":"status-publish","4":"has-post-thumbnail","6":"product_cat-16th-century","7":"product_cat-prints","8":"product_cat-italian-school","9":"pa_product_author-maitre-au-de-2","11":"first","12":"instock","13":"shipping-taxable","14":"purchasable","15":"product-type-simple"},"acf":[],"_links":{"self":[{"href":"https:\/\/galerie-seydoux.fr\/en\/wp-json\/wp\/v2\/product\/22487","targetHints":{"allow":["GET"]}}],"collection":[{"href":"https:\/\/galerie-seydoux.fr\/en\/wp-json\/wp\/v2\/product"}],"about":[{"href":"https:\/\/galerie-seydoux.fr\/en\/wp-json\/wp\/v2\/types\/product"}],"wp:featuredmedia":[{"embeddable":true,"href":"https:\/\/galerie-seydoux.fr\/en\/wp-json\/wp\/v2\/media\/22593"}],"wp:attachment":[{"href":"https:\/\/galerie-seydoux.fr\/en\/wp-json\/wp\/v2\/media?parent=22487"}],"wp:term":[{"taxonomy":"product_brand","embeddable":true,"href":"https:\/\/galerie-seydoux.fr\/en\/wp-json\/wp\/v2\/product_brand?post=22487"},{"taxonomy":"product_cat","embeddable":true,"href":"https:\/\/galerie-seydoux.fr\/en\/wp-json\/wp\/v2\/product_cat?post=22487"},{"taxonomy":"product_tag","embeddable":true,"href":"https:\/\/galerie-seydoux.fr\/en\/wp-json\/wp\/v2\/product_tag?post=22487"},{"taxonomy":"pa_product_author","embeddable":true,"href":"https:\/\/galerie-seydoux.fr\/en\/wp-json\/wp\/v2\/pa_product_author?post=22487"}],"curies":[{"name":"wp","href":"https:\/\/api.w.org\/{rel}","templated":true}]}}