{"id":22474,"date":"2025-03-26T16:00:39","date_gmt":"2025-03-26T15:00:39","guid":{"rendered":"https:\/\/galerie-seydoux.fr\/?post_type=product&#038;p=22474"},"modified":"2026-02-10T14:24:00","modified_gmt":"2026-02-10T13:24:00","slug":"james-mc-neill-whistler-billingsgate-1859","status":"publish","type":"product","link":"https:\/\/galerie-seydoux.fr\/en\/collections\/james-mc-neill-whistler-billingsgate-1859\/","title":{"rendered":"James Mc Neill WHISTLER &#8211; Billingsgate, 1859"},"content":{"rendered":"<p>Kennedy n\u00b047 (VIII\/VIII). Glasgow n\u00b051 (IX\/IX). Tr\u00e8s belle \u00e9preuve sur verg\u00e9 filigran\u00e9 MBM Portfolio, de l&#8217;\u00e9tat d\u00e9finitif, mais avant la petite tache qui appara\u00eetra \u00e0 droite de l&#8217;horloge. Oxydation le long des bords et au verso; quelques l\u00e9g\u00e8res traces de plis de manipulation. A toutes marges. Les huit premiers \u00e9tats sont tr\u00e8s rares. La plupart des \u00e9preuves furent imprim\u00e9es pour The Portfolio en 1878 et Etching and Etchers en 1880. Notre \u00e9preuve en fait tr\u00e8s certainement partie, bien que les dimensions totales du papier ne correspondent pas \u00e0 celles connues pour ces \u00e9ditions.<\/p>\n","protected":false},"excerpt":{"rendered":"<p>Kennedy n\u00b047 (VIII\/VIII). Glasgow n\u00b051 (IX\/IX). Tr\u00e8s belle \u00e9preuve sur verg\u00e9 filigran\u00e9 MBM Portfolio, de l&#8217;\u00e9tat d\u00e9finitif, mais avant la petite tache qui appara\u00eetra \u00e0 droite de l&#8217;horloge. Oxydation le long des bords et au verso; quelques l\u00e9g\u00e8res traces de plis de manipulation. A toutes marges. Les huit premiers \u00e9tats sont tr\u00e8s rares. La plupart [&hellip;]<\/p>\n","protected":false},"featured_media":22619,"template":"","meta":{"_acf_changed":false,"_et_pb_use_builder":"","_et_pb_old_content":"","_et_gb_content_width":"","inline_featured_image":false},"product_brand":[],"product_cat":[3680,3672,1709],"product_tag":[],"pa_product_author":[],"class_list":{"0":"post-22474","1":"product","2":"type-product","3":"status-publish","4":"has-post-thumbnail","6":"product_cat-19th-century","7":"product_cat-prints","8":"product_cat-english-school","10":"first","11":"outofstock","12":"shipping-taxable","13":"product-type-simple"},"acf":[],"_links":{"self":[{"href":"https:\/\/galerie-seydoux.fr\/en\/wp-json\/wp\/v2\/product\/22474","targetHints":{"allow":["GET"]}}],"collection":[{"href":"https:\/\/galerie-seydoux.fr\/en\/wp-json\/wp\/v2\/product"}],"about":[{"href":"https:\/\/galerie-seydoux.fr\/en\/wp-json\/wp\/v2\/types\/product"}],"wp:featuredmedia":[{"embeddable":true,"href":"https:\/\/galerie-seydoux.fr\/en\/wp-json\/wp\/v2\/media\/22619"}],"wp:attachment":[{"href":"https:\/\/galerie-seydoux.fr\/en\/wp-json\/wp\/v2\/media?parent=22474"}],"wp:term":[{"taxonomy":"product_brand","embeddable":true,"href":"https:\/\/galerie-seydoux.fr\/en\/wp-json\/wp\/v2\/product_brand?post=22474"},{"taxonomy":"product_cat","embeddable":true,"href":"https:\/\/galerie-seydoux.fr\/en\/wp-json\/wp\/v2\/product_cat?post=22474"},{"taxonomy":"product_tag","embeddable":true,"href":"https:\/\/galerie-seydoux.fr\/en\/wp-json\/wp\/v2\/product_tag?post=22474"},{"taxonomy":"pa_product_author","embeddable":true,"href":"https:\/\/galerie-seydoux.fr\/en\/wp-json\/wp\/v2\/pa_product_author?post=22474"}],"curies":[{"name":"wp","href":"https:\/\/api.w.org\/{rel}","templated":true}]}}