{"id":22472,"date":"2025-03-26T16:00:49","date_gmt":"2025-03-26T15:00:49","guid":{"rendered":"https:\/\/galerie-seydoux.fr\/?post_type=product&#038;p=22472"},"modified":"2025-05-27T15:38:59","modified_gmt":"2025-05-27T13:38:59","slug":"jacques-villon-la-parisienne-1904","status":"publish","type":"product","link":"https:\/\/galerie-seydoux.fr\/en\/collections\/jacques-villon-la-parisienne-1904\/","title":{"rendered":"Jacques VILLON &#8211; La Parisienne, 1904"},"content":{"rendered":"<p>De Ginestet et Pouillon E 93. Tr\u00e8s belle \u00e9preuve sur japon de l&#8217;\u00e9tat d\u00e9finitif, imprim\u00e9e en couleurs au rep\u00e9rage, num\u00e9rot\u00e9e et sign\u00e9e. Belles marges. Timbre sec de l&#8217;\u00e9diteur E. Sagot (Lugt n\u00b02254). Tirage en cet \u00e9tat \u00e0 100 \u00e9preuves.<\/p>\n","protected":false},"excerpt":{"rendered":"<p>De Ginestet et Pouillon E 93. Tr\u00e8s belle \u00e9preuve sur japon de l&#8217;\u00e9tat d\u00e9finitif, imprim\u00e9e en couleurs au rep\u00e9rage, num\u00e9rot\u00e9e et sign\u00e9e. Belles marges. Timbre sec de l&#8217;\u00e9diteur E. Sagot (Lugt n\u00b02254). Tirage en cet \u00e9tat \u00e0 100 \u00e9preuves.<\/p>\n","protected":false},"featured_media":22538,"template":"","meta":{"_acf_changed":false,"_et_pb_use_builder":"","_et_pb_old_content":"","_et_gb_content_width":"","inline_featured_image":false},"product_brand":[],"product_cat":[3679,3672,3674],"product_tag":[],"pa_product_author":[],"class_list":{"0":"post-22472","1":"product","2":"type-product","3":"status-publish","4":"has-post-thumbnail","6":"product_cat-20th-century","7":"product_cat-prints","8":"product_cat-french-school","10":"first","11":"instock","12":"shipping-taxable","13":"purchasable","14":"product-type-simple"},"acf":[],"_links":{"self":[{"href":"https:\/\/galerie-seydoux.fr\/en\/wp-json\/wp\/v2\/product\/22472","targetHints":{"allow":["GET"]}}],"collection":[{"href":"https:\/\/galerie-seydoux.fr\/en\/wp-json\/wp\/v2\/product"}],"about":[{"href":"https:\/\/galerie-seydoux.fr\/en\/wp-json\/wp\/v2\/types\/product"}],"wp:featuredmedia":[{"embeddable":true,"href":"https:\/\/galerie-seydoux.fr\/en\/wp-json\/wp\/v2\/media\/22538"}],"wp:attachment":[{"href":"https:\/\/galerie-seydoux.fr\/en\/wp-json\/wp\/v2\/media?parent=22472"}],"wp:term":[{"taxonomy":"product_brand","embeddable":true,"href":"https:\/\/galerie-seydoux.fr\/en\/wp-json\/wp\/v2\/product_brand?post=22472"},{"taxonomy":"product_cat","embeddable":true,"href":"https:\/\/galerie-seydoux.fr\/en\/wp-json\/wp\/v2\/product_cat?post=22472"},{"taxonomy":"product_tag","embeddable":true,"href":"https:\/\/galerie-seydoux.fr\/en\/wp-json\/wp\/v2\/product_tag?post=22472"},{"taxonomy":"pa_product_author","embeddable":true,"href":"https:\/\/galerie-seydoux.fr\/en\/wp-json\/wp\/v2\/pa_product_author?post=22472"}],"curies":[{"name":"wp","href":"https:\/\/api.w.org\/{rel}","templated":true}]}}