{"id":22468,"date":"2025-03-26T16:00:55","date_gmt":"2025-03-26T15:00:55","guid":{"rendered":"https:\/\/galerie-seydoux.fr\/?post_type=product&#038;p=22468"},"modified":"2025-05-27T15:34:43","modified_gmt":"2025-05-27T13:34:43","slug":"eugene-delacroix-faust-cherchant-a-seduire","status":"publish","type":"product","link":"https:\/\/galerie-seydoux.fr\/en\/collections\/eugene-delacroix-faust-cherchant-a-seduire\/","title":{"rendered":"Eug\u00e8ne DELACROIX &#8211; Faust cherchant \u00e0 s\u00e9duire Marguerite, 1827"},"content":{"rendered":"<p>Delteil nr 65 (II). Delteil-Strauber nr 65 (II\/VII). Very good impression on wove paper of 2nd state (of 7), with Motte&#8217;s address and bearing du certificat de tirage. Some slight small foxings mainly marginal; handling creases, mainly marginal. Rare. Our impression bears the stamp of censorship, \u00e0 la date du 6 f\u00e9vrier 182(8) and signed by pen par ou pour le chef de la Librairie. The publication of &#8220;Faust&#8221; was actualy announced in February 1828.<\/p>\n","protected":false},"excerpt":{"rendered":"<p>Delteil nr 65 (II). Delteil-Strauber nr 65 (II\/VII). Very good impression on wove paper of 2nd state (of 7), with Motte&#8217;s address and bearing du certificat de tirage. Some slight small foxings mainly marginal; handling creases, mainly marginal. Rare. Our impression bears the stamp of censorship, \u00e0 la date du 6 f\u00e9vrier 182(8) and signed [&hellip;]<\/p>\n","protected":false},"featured_media":22431,"template":"","meta":{"_acf_changed":false,"_et_pb_use_builder":"","_et_pb_old_content":"","_et_gb_content_width":"","inline_featured_image":false},"product_brand":[],"product_cat":[3680,3672,3674],"product_tag":[],"pa_product_author":[],"class_list":{"0":"post-22468","1":"product","2":"type-product","3":"status-publish","4":"has-post-thumbnail","6":"product_cat-19th-century","7":"product_cat-prints","8":"product_cat-french-school","10":"first","11":"outofstock","12":"shipping-taxable","13":"product-type-simple"},"acf":[],"_links":{"self":[{"href":"https:\/\/galerie-seydoux.fr\/en\/wp-json\/wp\/v2\/product\/22468","targetHints":{"allow":["GET"]}}],"collection":[{"href":"https:\/\/galerie-seydoux.fr\/en\/wp-json\/wp\/v2\/product"}],"about":[{"href":"https:\/\/galerie-seydoux.fr\/en\/wp-json\/wp\/v2\/types\/product"}],"wp:featuredmedia":[{"embeddable":true,"href":"https:\/\/galerie-seydoux.fr\/en\/wp-json\/wp\/v2\/media\/22431"}],"wp:attachment":[{"href":"https:\/\/galerie-seydoux.fr\/en\/wp-json\/wp\/v2\/media?parent=22468"}],"wp:term":[{"taxonomy":"product_brand","embeddable":true,"href":"https:\/\/galerie-seydoux.fr\/en\/wp-json\/wp\/v2\/product_brand?post=22468"},{"taxonomy":"product_cat","embeddable":true,"href":"https:\/\/galerie-seydoux.fr\/en\/wp-json\/wp\/v2\/product_cat?post=22468"},{"taxonomy":"product_tag","embeddable":true,"href":"https:\/\/galerie-seydoux.fr\/en\/wp-json\/wp\/v2\/product_tag?post=22468"},{"taxonomy":"pa_product_author","embeddable":true,"href":"https:\/\/galerie-seydoux.fr\/en\/wp-json\/wp\/v2\/pa_product_author?post=22468"}],"curies":[{"name":"wp","href":"https:\/\/api.w.org\/{rel}","templated":true}]}}