{"id":22467,"date":"2025-03-26T16:00:58","date_gmt":"2025-03-26T15:00:58","guid":{"rendered":"https:\/\/galerie-seydoux.fr\/?post_type=product&#038;p=22467"},"modified":"2025-10-15T18:12:47","modified_gmt":"2025-10-15T16:12:47","slug":"leonard-gaultier-lolympe-des-francais-1607","status":"publish","type":"product","link":"https:\/\/galerie-seydoux.fr\/en\/collections\/leonard-gaultier-lolympe-des-francais-1607\/","title":{"rendered":"L\u00e9onard GAULTIER &#8211; L&#8217;Olympe des fran\u00e7ais, 1607"},"content":{"rendered":"<p>I.F.F. nr 89. Exhib &#8220;La Gravure fran\u00e7aise \u00e0 la Renaissance&#8221; nr 137; cf catalogue S. Lepape nr 474. Very good impression with the date de 1608 apr\u00e8s le nom de l&#8217;\u00e9diteur, bien compl\u00e8te de la bordure. Rests of glue on le pourtour au verso; a small \u00e9pidermure sur le pourpoint du dauphin and slight<br \/>\n horizontal crease m\u00e9dian visible on the back. Ex collection Defer-Dumesnil (Lugt nr 739). Rare.<\/p>\n","protected":false},"excerpt":{"rendered":"<p>I.F.F. nr 89. Exhib &#8220;La Gravure fran\u00e7aise \u00e0 la Renaissance&#8221; nr 137; cf catalogue S. Lepape nr 474. Very good impression with the date de 1608 apr\u00e8s le nom de l&#8217;\u00e9diteur, bien compl\u00e8te de la bordure. Rests of glue on le pourtour au verso; a small \u00e9pidermure sur le pourpoint du dauphin and slight horizontal [&hellip;]<\/p>\n","protected":false},"featured_media":22449,"template":"","meta":{"_acf_changed":false,"_et_pb_use_builder":"","_et_pb_old_content":"","_et_gb_content_width":"","inline_featured_image":false},"product_brand":[],"product_cat":[3676,3672,3674],"product_tag":[],"pa_product_author":[],"class_list":{"0":"post-22467","1":"product","2":"type-product","3":"status-publish","4":"has-post-thumbnail","6":"product_cat-17th-century","7":"product_cat-prints","8":"product_cat-french-school","10":"first","11":"outofstock","12":"shipping-taxable","13":"product-type-simple"},"acf":[],"_links":{"self":[{"href":"https:\/\/galerie-seydoux.fr\/en\/wp-json\/wp\/v2\/product\/22467","targetHints":{"allow":["GET"]}}],"collection":[{"href":"https:\/\/galerie-seydoux.fr\/en\/wp-json\/wp\/v2\/product"}],"about":[{"href":"https:\/\/galerie-seydoux.fr\/en\/wp-json\/wp\/v2\/types\/product"}],"wp:featuredmedia":[{"embeddable":true,"href":"https:\/\/galerie-seydoux.fr\/en\/wp-json\/wp\/v2\/media\/22449"}],"wp:attachment":[{"href":"https:\/\/galerie-seydoux.fr\/en\/wp-json\/wp\/v2\/media?parent=22467"}],"wp:term":[{"taxonomy":"product_brand","embeddable":true,"href":"https:\/\/galerie-seydoux.fr\/en\/wp-json\/wp\/v2\/product_brand?post=22467"},{"taxonomy":"product_cat","embeddable":true,"href":"https:\/\/galerie-seydoux.fr\/en\/wp-json\/wp\/v2\/product_cat?post=22467"},{"taxonomy":"product_tag","embeddable":true,"href":"https:\/\/galerie-seydoux.fr\/en\/wp-json\/wp\/v2\/product_tag?post=22467"},{"taxonomy":"pa_product_author","embeddable":true,"href":"https:\/\/galerie-seydoux.fr\/en\/wp-json\/wp\/v2\/pa_product_author?post=22467"}],"curies":[{"name":"wp","href":"https:\/\/api.w.org\/{rel}","templated":true}]}}