{"id":22466,"date":"2025-03-26T16:00:06","date_gmt":"2025-03-26T15:00:06","guid":{"rendered":"https:\/\/galerie-seydoux.fr\/?post_type=product&#038;p=22466"},"modified":"2025-05-27T16:09:10","modified_gmt":"2025-05-27T14:09:10","slug":"joseph-porphyre-pinchon-jeune-terrier-ca-1900","status":"publish","type":"product","link":"https:\/\/galerie-seydoux.fr\/en\/collections\/joseph-porphyre-pinchon-jeune-terrier-ca-1900\/","title":{"rendered":"Joseph Porphyre PINCHON &#8211; Jeune Terrier, ca 1900"},"content":{"rendered":"<p>De Pissarro \u00e0 Picasso nr 136. Very good impression on laid paper, printed in colors at the location, annotated 1er \u00e9tat and titled. Slight oxidation of the sheet on the back; some handling creases and small defects on the edges of the good margins. Rare. The second state n&#8217;a \u00e9t\u00e9 tir\u00e9 qu&#8217;\u00e0 25 impressions.<\/p>\n","protected":false},"excerpt":{"rendered":"<p>De Pissarro \u00e0 Picasso nr 136. Very good impression on laid paper, printed in colors at the location, annotated 1er \u00e9tat and titled. Slight oxidation of the sheet on the back; some handling creases and small defects on the edges of the good margins. Rare. The second state n&#8217;a \u00e9t\u00e9 tir\u00e9 qu&#8217;\u00e0 25 impressions.<\/p>\n","protected":false},"featured_media":22451,"template":"","meta":{"_acf_changed":false,"_et_pb_use_builder":"","_et_pb_old_content":"","_et_gb_content_width":"","inline_featured_image":false},"product_brand":[],"product_cat":[3680,3679,3672,3674],"product_tag":[],"pa_product_author":[1509],"class_list":{"0":"post-22466","1":"product","2":"type-product","3":"status-publish","4":"has-post-thumbnail","6":"product_cat-19th-century","7":"product_cat-20th-century","8":"product_cat-prints","9":"product_cat-french-school","10":"pa_product_author-joseph-porphyre-pinchon-en","12":"first","13":"outofstock","14":"shipping-taxable","15":"product-type-simple"},"acf":[],"_links":{"self":[{"href":"https:\/\/galerie-seydoux.fr\/en\/wp-json\/wp\/v2\/product\/22466","targetHints":{"allow":["GET"]}}],"collection":[{"href":"https:\/\/galerie-seydoux.fr\/en\/wp-json\/wp\/v2\/product"}],"about":[{"href":"https:\/\/galerie-seydoux.fr\/en\/wp-json\/wp\/v2\/types\/product"}],"wp:featuredmedia":[{"embeddable":true,"href":"https:\/\/galerie-seydoux.fr\/en\/wp-json\/wp\/v2\/media\/22451"}],"wp:attachment":[{"href":"https:\/\/galerie-seydoux.fr\/en\/wp-json\/wp\/v2\/media?parent=22466"}],"wp:term":[{"taxonomy":"product_brand","embeddable":true,"href":"https:\/\/galerie-seydoux.fr\/en\/wp-json\/wp\/v2\/product_brand?post=22466"},{"taxonomy":"product_cat","embeddable":true,"href":"https:\/\/galerie-seydoux.fr\/en\/wp-json\/wp\/v2\/product_cat?post=22466"},{"taxonomy":"product_tag","embeddable":true,"href":"https:\/\/galerie-seydoux.fr\/en\/wp-json\/wp\/v2\/product_tag?post=22466"},{"taxonomy":"pa_product_author","embeddable":true,"href":"https:\/\/galerie-seydoux.fr\/en\/wp-json\/wp\/v2\/pa_product_author?post=22466"}],"curies":[{"name":"wp","href":"https:\/\/api.w.org\/{rel}","templated":true}]}}