{"id":22463,"date":"2025-03-26T16:00:06","date_gmt":"2025-03-26T15:00:06","guid":{"rendered":"https:\/\/galerie-seydoux.fr\/?post_type=product&#038;p=22463"},"modified":"2025-05-27T16:10:14","modified_gmt":"2025-05-27T14:10:14","slug":"claude-gellee-la-tempete-1630","status":"publish","type":"product","link":"https:\/\/galerie-seydoux.fr\/en\/collections\/claude-gellee-la-tempete-1630\/","title":{"rendered":"Claude GELL\u00c9E &#8211; La Temp\u00eate, 1630"},"content":{"rendered":"<p>Mannocci nr 6 (IVB\/VII). Very good impression of 4th state B (of 7), with the three small grooves in the sky. Two or three tiny hole \u00e0 l&#8217;extr\u00e9mit\u00e9 du bord gauche and some very sligt creases. Watermark : paschal lamb in a circle (L.M. n\u00b019).<\/p>\n","protected":false},"excerpt":{"rendered":"<p>Mannocci nr 6 (IVB\/VII). Very good impression of 4th state B (of 7), with the three small grooves in the sky. Two or three tiny hole \u00e0 l&#8217;extr\u00e9mit\u00e9 du bord gauche and some very sligt creases. Watermark : paschal lamb in a circle (L.M. n\u00b019).<\/p>\n","protected":false},"featured_media":22437,"template":"","meta":{"_acf_changed":false,"_et_pb_use_builder":"","_et_pb_old_content":"","_et_gb_content_width":"","inline_featured_image":false},"product_brand":[],"product_cat":[3676,3672,3674],"product_tag":[],"pa_product_author":[],"class_list":{"0":"post-22463","1":"product","2":"type-product","3":"status-publish","4":"has-post-thumbnail","6":"product_cat-17th-century","7":"product_cat-prints","8":"product_cat-french-school","10":"first","11":"instock","12":"shipping-taxable","13":"purchasable","14":"product-type-simple"},"acf":[],"_links":{"self":[{"href":"https:\/\/galerie-seydoux.fr\/en\/wp-json\/wp\/v2\/product\/22463","targetHints":{"allow":["GET"]}}],"collection":[{"href":"https:\/\/galerie-seydoux.fr\/en\/wp-json\/wp\/v2\/product"}],"about":[{"href":"https:\/\/galerie-seydoux.fr\/en\/wp-json\/wp\/v2\/types\/product"}],"wp:featuredmedia":[{"embeddable":true,"href":"https:\/\/galerie-seydoux.fr\/en\/wp-json\/wp\/v2\/media\/22437"}],"wp:attachment":[{"href":"https:\/\/galerie-seydoux.fr\/en\/wp-json\/wp\/v2\/media?parent=22463"}],"wp:term":[{"taxonomy":"product_brand","embeddable":true,"href":"https:\/\/galerie-seydoux.fr\/en\/wp-json\/wp\/v2\/product_brand?post=22463"},{"taxonomy":"product_cat","embeddable":true,"href":"https:\/\/galerie-seydoux.fr\/en\/wp-json\/wp\/v2\/product_cat?post=22463"},{"taxonomy":"product_tag","embeddable":true,"href":"https:\/\/galerie-seydoux.fr\/en\/wp-json\/wp\/v2\/product_tag?post=22463"},{"taxonomy":"pa_product_author","embeddable":true,"href":"https:\/\/galerie-seydoux.fr\/en\/wp-json\/wp\/v2\/pa_product_author?post=22463"}],"curies":[{"name":"wp","href":"https:\/\/api.w.org\/{rel}","templated":true}]}}