{"id":22290,"date":"2025-02-04T14:00:30","date_gmt":"2025-02-04T13:00:30","guid":{"rendered":"https:\/\/galerie-seydoux.fr\/?post_type=product&#038;p=22290"},"modified":"2025-12-12T17:44:56","modified_gmt":"2025-12-12T16:44:56","slug":"dapres-jacques-de-gheyn-ii-mascarade-1595-1596","status":"publish","type":"product","link":"https:\/\/galerie-seydoux.fr\/en\/collections\/dapres-jacques-de-gheyn-ii-mascarade-1595-1596\/","title":{"rendered":"after Jacques de GHEYN II &#8211; Mascarade, 1595-1596"},"content":{"rendered":"<p>New Hollstein nr 166. Good impression trimmed at the platemark or avec filets de marges, of the only state. Rest of glue and of mounting paper in the corners on the back; small foxings and a number \u00e0 l&#8217;encre en t\u00eate l\u00e9g\u00e8rement visible au recto. Septi\u00e8me plate to a set of ten &#8220;Mascarades&#8221; very probably of the first edition (of 3).<\/p>\n","protected":false},"excerpt":{"rendered":"<p>New Hollstein nr 166. Good impression trimmed at the platemark or avec filets de marges, of the only state. Rest of glue and of mounting paper in the corners on the back; small foxings and a number \u00e0 l&#8217;encre en t\u00eate l\u00e9g\u00e8rement visible au recto. Septi\u00e8me plate to a set of ten &#8220;Mascarades&#8221; very probably [&hellip;]<\/p>\n","protected":false},"featured_media":22020,"template":"","meta":{"_acf_changed":false,"_et_pb_use_builder":"","_et_pb_old_content":"","_et_gb_content_width":"","inline_featured_image":false},"product_brand":[],"product_cat":[3670,3672,3678],"product_tag":[],"pa_product_author":[],"class_list":{"0":"post-22290","1":"product","2":"type-product","3":"status-publish","4":"has-post-thumbnail","6":"product_cat-16th-century","7":"product_cat-prints","8":"product_cat-northern-school","10":"first","11":"outofstock","12":"shipping-taxable","13":"product-type-simple"},"acf":[],"_links":{"self":[{"href":"https:\/\/galerie-seydoux.fr\/en\/wp-json\/wp\/v2\/product\/22290","targetHints":{"allow":["GET"]}}],"collection":[{"href":"https:\/\/galerie-seydoux.fr\/en\/wp-json\/wp\/v2\/product"}],"about":[{"href":"https:\/\/galerie-seydoux.fr\/en\/wp-json\/wp\/v2\/types\/product"}],"wp:featuredmedia":[{"embeddable":true,"href":"https:\/\/galerie-seydoux.fr\/en\/wp-json\/wp\/v2\/media\/22020"}],"wp:attachment":[{"href":"https:\/\/galerie-seydoux.fr\/en\/wp-json\/wp\/v2\/media?parent=22290"}],"wp:term":[{"taxonomy":"product_brand","embeddable":true,"href":"https:\/\/galerie-seydoux.fr\/en\/wp-json\/wp\/v2\/product_brand?post=22290"},{"taxonomy":"product_cat","embeddable":true,"href":"https:\/\/galerie-seydoux.fr\/en\/wp-json\/wp\/v2\/product_cat?post=22290"},{"taxonomy":"product_tag","embeddable":true,"href":"https:\/\/galerie-seydoux.fr\/en\/wp-json\/wp\/v2\/product_tag?post=22290"},{"taxonomy":"pa_product_author","embeddable":true,"href":"https:\/\/galerie-seydoux.fr\/en\/wp-json\/wp\/v2\/pa_product_author?post=22290"}],"curies":[{"name":"wp","href":"https:\/\/api.w.org\/{rel}","templated":true}]}}