{"id":22285,"date":"2025-02-04T14:00:45","date_gmt":"2025-02-04T13:00:45","guid":{"rendered":"https:\/\/galerie-seydoux.fr\/?post_type=product&#038;p=22285"},"modified":"2025-03-20T15:17:19","modified_gmt":"2025-03-20T14:17:19","slug":"rene-boyvin-henri-ii-roi-de-france-1580","status":"publish","type":"product","link":"https:\/\/galerie-seydoux.fr\/en\/collections\/rene-boyvin-henri-ii-roi-de-france-1580\/","title":{"rendered":"Ren\u00e9 BOYVIN &#8211; Henri II, Roi de France, 1580"},"content":{"rendered":"<p>Robert-Dumesnil n\u00b0107 (I\/II). Tr\u00e8s belle \u00e9preuve coup\u00e9e \u00e0 la marque du cuivre, du premier \u00e9tat (sur deux), avant l&#8217;adresse d&#8217;Isaac. Contrecoll\u00e9e sur verg\u00e9 ancien; petits manques et deux petites d\u00e9chirures sur les bords et deux ou trois petites amincissures; une petite tache vers le haut \u00e0 droite et un trou d&#8217;\u00e9pingle. Rare.<\/p>\n","protected":false},"excerpt":{"rendered":"<p>Robert-Dumesnil n\u00b0107 (I\/II). Tr\u00e8s belle \u00e9preuve coup\u00e9e \u00e0 la marque du cuivre, du premier \u00e9tat (sur deux), avant l&#8217;adresse d&#8217;Isaac. Contrecoll\u00e9e sur verg\u00e9 ancien; petits manques et deux petites d\u00e9chirures sur les bords et deux ou trois petites amincissures; une petite tache vers le haut \u00e0 droite et un trou d&#8217;\u00e9pingle. Rare.<\/p>\n","protected":false},"featured_media":22120,"template":"","meta":{"_acf_changed":false,"_et_pb_use_builder":"","_et_pb_old_content":"","_et_gb_content_width":"","inline_featured_image":false},"product_brand":[],"product_cat":[3670,3672],"product_tag":[],"pa_product_author":[],"class_list":{"0":"post-22285","1":"product","2":"type-product","3":"status-publish","4":"has-post-thumbnail","6":"product_cat-16th-century","7":"product_cat-prints","9":"first","10":"outofstock","11":"shipping-taxable","12":"product-type-simple"},"acf":[],"_links":{"self":[{"href":"https:\/\/galerie-seydoux.fr\/en\/wp-json\/wp\/v2\/product\/22285","targetHints":{"allow":["GET"]}}],"collection":[{"href":"https:\/\/galerie-seydoux.fr\/en\/wp-json\/wp\/v2\/product"}],"about":[{"href":"https:\/\/galerie-seydoux.fr\/en\/wp-json\/wp\/v2\/types\/product"}],"wp:featuredmedia":[{"embeddable":true,"href":"https:\/\/galerie-seydoux.fr\/en\/wp-json\/wp\/v2\/media\/22120"}],"wp:attachment":[{"href":"https:\/\/galerie-seydoux.fr\/en\/wp-json\/wp\/v2\/media?parent=22285"}],"wp:term":[{"taxonomy":"product_brand","embeddable":true,"href":"https:\/\/galerie-seydoux.fr\/en\/wp-json\/wp\/v2\/product_brand?post=22285"},{"taxonomy":"product_cat","embeddable":true,"href":"https:\/\/galerie-seydoux.fr\/en\/wp-json\/wp\/v2\/product_cat?post=22285"},{"taxonomy":"product_tag","embeddable":true,"href":"https:\/\/galerie-seydoux.fr\/en\/wp-json\/wp\/v2\/product_tag?post=22285"},{"taxonomy":"pa_product_author","embeddable":true,"href":"https:\/\/galerie-seydoux.fr\/en\/wp-json\/wp\/v2\/pa_product_author?post=22285"}],"curies":[{"name":"wp","href":"https:\/\/api.w.org\/{rel}","templated":true}]}}