{"id":22283,"date":"2025-02-04T14:00:47","date_gmt":"2025-02-04T13:00:47","guid":{"rendered":"https:\/\/galerie-seydoux.fr\/?post_type=product&#038;p=22283"},"modified":"2025-03-20T15:16:04","modified_gmt":"2025-03-20T14:16:04","slug":"bernard-naudin-les-fusilles-ca-1903","status":"publish","type":"product","link":"https:\/\/galerie-seydoux.fr\/en\/collections\/bernard-naudin-les-fusilles-ca-1903\/","title":{"rendered":"Bernard NAUDIN &#8211; Les Fusill\u00e9s, ca 1903"},"content":{"rendered":"<p>Poncetton n\u00b05 (II\/II). Tr\u00e8s belle \u00e9preuve sur verg\u00e9 ancien du 2e \u00e9tat (sur 2), sign\u00e9e. Grandes marges. Rare.<\/p>\n","protected":false},"excerpt":{"rendered":"<p>Poncetton n\u00b05 (II\/II). Tr\u00e8s belle \u00e9preuve sur verg\u00e9 ancien du 2e \u00e9tat (sur 2), sign\u00e9e. Grandes marges. Rare.<\/p>\n","protected":false},"featured_media":22161,"template":"","meta":{"_acf_changed":false,"_et_pb_use_builder":"","_et_pb_old_content":"","_et_gb_content_width":"","inline_featured_image":false},"product_brand":[],"product_cat":[3679,3672,3674],"product_tag":[],"pa_product_author":[],"class_list":{"0":"post-22283","1":"product","2":"type-product","3":"status-publish","4":"has-post-thumbnail","6":"product_cat-20th-century","7":"product_cat-prints","8":"product_cat-french-school","10":"first","11":"instock","12":"shipping-taxable","13":"purchasable","14":"product-type-simple"},"acf":[],"_links":{"self":[{"href":"https:\/\/galerie-seydoux.fr\/en\/wp-json\/wp\/v2\/product\/22283","targetHints":{"allow":["GET"]}}],"collection":[{"href":"https:\/\/galerie-seydoux.fr\/en\/wp-json\/wp\/v2\/product"}],"about":[{"href":"https:\/\/galerie-seydoux.fr\/en\/wp-json\/wp\/v2\/types\/product"}],"wp:featuredmedia":[{"embeddable":true,"href":"https:\/\/galerie-seydoux.fr\/en\/wp-json\/wp\/v2\/media\/22161"}],"wp:attachment":[{"href":"https:\/\/galerie-seydoux.fr\/en\/wp-json\/wp\/v2\/media?parent=22283"}],"wp:term":[{"taxonomy":"product_brand","embeddable":true,"href":"https:\/\/galerie-seydoux.fr\/en\/wp-json\/wp\/v2\/product_brand?post=22283"},{"taxonomy":"product_cat","embeddable":true,"href":"https:\/\/galerie-seydoux.fr\/en\/wp-json\/wp\/v2\/product_cat?post=22283"},{"taxonomy":"product_tag","embeddable":true,"href":"https:\/\/galerie-seydoux.fr\/en\/wp-json\/wp\/v2\/product_tag?post=22283"},{"taxonomy":"pa_product_author","embeddable":true,"href":"https:\/\/galerie-seydoux.fr\/en\/wp-json\/wp\/v2\/pa_product_author?post=22283"}],"curies":[{"name":"wp","href":"https:\/\/api.w.org\/{rel}","templated":true}]}}