{"id":22281,"date":"2025-02-04T14:00:13","date_gmt":"2025-02-04T13:00:13","guid":{"rendered":"https:\/\/galerie-seydoux.fr\/?post_type=product&#038;p=22281"},"modified":"2025-03-20T15:33:11","modified_gmt":"2025-03-20T14:33:11","slug":"claes-jansz-visscher-le-chateau-de-purmerendt-1617","status":"publish","type":"product","link":"https:\/\/galerie-seydoux.fr\/en\/collections\/claes-jansz-visscher-le-chateau-de-purmerendt-1617\/","title":{"rendered":"Claes Jansz VISSCHER &#8211; Le ch\u00e2teau de Purmerendt, 1617"},"content":{"rendered":"<p>Hollstein n\u00b0166 (II\/II). Tr\u00e8s belle \u00e9preuve du 2e \u00e9tat (sur 2), avec le num\u00e9ro. Quelques tr\u00e8s l\u00e9g\u00e8res traces de plis. Bonnes marges. Seconde planche d&#8217;une suite de &#8220;Quatre ch\u00e2teaux de Hollande et Utrecht&#8221;.<\/p>\n","protected":false},"excerpt":{"rendered":"<p>Hollstein n\u00b0166 (II\/II). Tr\u00e8s belle \u00e9preuve du 2e \u00e9tat (sur 2), avec le num\u00e9ro. Quelques tr\u00e8s l\u00e9g\u00e8res traces de plis. Bonnes marges. Seconde planche d&#8217;une suite de &#8220;Quatre ch\u00e2teaux de Hollande et Utrecht&#8221;.<\/p>\n","protected":false},"featured_media":21997,"template":"","meta":{"_acf_changed":false,"_et_pb_use_builder":"","_et_pb_old_content":"","_et_gb_content_width":"","inline_featured_image":false},"product_brand":[],"product_cat":[3676,3672,3678],"product_tag":[],"pa_product_author":[],"class_list":{"0":"post-22281","1":"product","2":"type-product","3":"status-publish","4":"has-post-thumbnail","6":"product_cat-17th-century","7":"product_cat-prints","8":"product_cat-northern-school","10":"first","11":"instock","12":"shipping-taxable","13":"purchasable","14":"product-type-simple"},"acf":[],"_links":{"self":[{"href":"https:\/\/galerie-seydoux.fr\/en\/wp-json\/wp\/v2\/product\/22281","targetHints":{"allow":["GET"]}}],"collection":[{"href":"https:\/\/galerie-seydoux.fr\/en\/wp-json\/wp\/v2\/product"}],"about":[{"href":"https:\/\/galerie-seydoux.fr\/en\/wp-json\/wp\/v2\/types\/product"}],"wp:featuredmedia":[{"embeddable":true,"href":"https:\/\/galerie-seydoux.fr\/en\/wp-json\/wp\/v2\/media\/21997"}],"wp:attachment":[{"href":"https:\/\/galerie-seydoux.fr\/en\/wp-json\/wp\/v2\/media?parent=22281"}],"wp:term":[{"taxonomy":"product_brand","embeddable":true,"href":"https:\/\/galerie-seydoux.fr\/en\/wp-json\/wp\/v2\/product_brand?post=22281"},{"taxonomy":"product_cat","embeddable":true,"href":"https:\/\/galerie-seydoux.fr\/en\/wp-json\/wp\/v2\/product_cat?post=22281"},{"taxonomy":"product_tag","embeddable":true,"href":"https:\/\/galerie-seydoux.fr\/en\/wp-json\/wp\/v2\/product_tag?post=22281"},{"taxonomy":"pa_product_author","embeddable":true,"href":"https:\/\/galerie-seydoux.fr\/en\/wp-json\/wp\/v2\/pa_product_author?post=22281"}],"curies":[{"name":"wp","href":"https:\/\/api.w.org\/{rel}","templated":true}]}}