{"id":22280,"date":"2025-02-04T14:00:52","date_gmt":"2025-02-04T13:00:52","guid":{"rendered":"https:\/\/galerie-seydoux.fr\/?post_type=product&#038;p=22280"},"modified":"2025-03-20T15:12:32","modified_gmt":"2025-03-20T14:12:32","slug":"ecole-francaise-panneau-decoratif-orne-dune-sphinge-ailee-fin-xvie-siecle","status":"publish","type":"product","link":"https:\/\/galerie-seydoux.fr\/en\/collections\/ecole-francaise-panneau-decoratif-orne-dune-sphinge-ailee-fin-xvie-siecle\/","title":{"rendered":"French school (?) &#8211; Panneau d\u00e9coratif orn\u00e9 d&#8217;une sphinge ail\u00e9e, end of XVIth century"},"content":{"rendered":"<p>Good impression. Some small tears at foot and en t\u00eate, certaines dans le sujet; some stains and crease; small lack at foot. Il s&#8217;agit d&#8217;un rare exemple de papier d\u00e9coratif du 16e si\u00e8cle, coll\u00e9 sur une toile ou un mur et de ce fait rarement conserv\u00e9. Watermark : raisin (proche de Briquet n\u00b013082, Languedoc, 1569 &#8211; 1573) and contremarque.<\/p>\n","protected":false},"excerpt":{"rendered":"<p>Good impression. Some small tears at foot and en t\u00eate, certaines dans le sujet; some stains and crease; small lack at foot. Il s&#8217;agit d&#8217;un rare exemple de papier d\u00e9coratif du 16e si\u00e8cle, coll\u00e9 sur une toile ou un mur et de ce fait rarement conserv\u00e9. Watermark : raisin (proche de Briquet n\u00b013082, Languedoc, 1569 [&hellip;]<\/p>\n","protected":false},"featured_media":22114,"template":"","meta":{"_acf_changed":false,"_et_pb_use_builder":"","_et_pb_old_content":"","_et_gb_content_width":"","inline_featured_image":false},"product_brand":[],"product_cat":[3670,3672,3674],"product_tag":[],"pa_product_author":[],"class_list":{"0":"post-22280","1":"product","2":"type-product","3":"status-publish","4":"has-post-thumbnail","6":"product_cat-16th-century","7":"product_cat-prints","8":"product_cat-french-school","10":"first","11":"outofstock","12":"shipping-taxable","13":"product-type-simple"},"acf":[],"_links":{"self":[{"href":"https:\/\/galerie-seydoux.fr\/en\/wp-json\/wp\/v2\/product\/22280","targetHints":{"allow":["GET"]}}],"collection":[{"href":"https:\/\/galerie-seydoux.fr\/en\/wp-json\/wp\/v2\/product"}],"about":[{"href":"https:\/\/galerie-seydoux.fr\/en\/wp-json\/wp\/v2\/types\/product"}],"wp:featuredmedia":[{"embeddable":true,"href":"https:\/\/galerie-seydoux.fr\/en\/wp-json\/wp\/v2\/media\/22114"}],"wp:attachment":[{"href":"https:\/\/galerie-seydoux.fr\/en\/wp-json\/wp\/v2\/media?parent=22280"}],"wp:term":[{"taxonomy":"product_brand","embeddable":true,"href":"https:\/\/galerie-seydoux.fr\/en\/wp-json\/wp\/v2\/product_brand?post=22280"},{"taxonomy":"product_cat","embeddable":true,"href":"https:\/\/galerie-seydoux.fr\/en\/wp-json\/wp\/v2\/product_cat?post=22280"},{"taxonomy":"product_tag","embeddable":true,"href":"https:\/\/galerie-seydoux.fr\/en\/wp-json\/wp\/v2\/product_tag?post=22280"},{"taxonomy":"pa_product_author","embeddable":true,"href":"https:\/\/galerie-seydoux.fr\/en\/wp-json\/wp\/v2\/pa_product_author?post=22280"}],"curies":[{"name":"wp","href":"https:\/\/api.w.org\/{rel}","templated":true}]}}