{"id":22279,"date":"2025-02-04T14:00:45","date_gmt":"2025-02-04T13:00:45","guid":{"rendered":"https:\/\/galerie-seydoux.fr\/?post_type=product&#038;p=22279"},"modified":"2025-03-20T15:16:54","modified_gmt":"2025-03-20T14:16:54","slug":"armant-parfait-prieur-menagerie-de-mr-vaudoyer","status":"publish","type":"product","link":"https:\/\/galerie-seydoux.fr\/en\/collections\/armant-parfait-prieur-menagerie-de-mr-vaudoyer\/","title":{"rendered":"Armant Parfait PRIEUR &#8211; M\u00e9nagerie&#8230;.de Mr Vaudoyer"},"content":{"rendered":"<p>Tr\u00e8s belle \u00e9preuve rehauss\u00e9e \u00e0 l&#8217;aquarelle \u00e0 l&#8217;\u00e9poque. Infimes taches et traces de plis. Bonnes marges. Planche pour le &#8220;Recueil de la Collection des Prix que la ci-devant Acad\u00e9mie d&#8217;Architecture proposait et couronnait tous les ans&#8221;, 1787-1796 (?)<\/p>\n","protected":false},"excerpt":{"rendered":"<p>Tr\u00e8s belle \u00e9preuve rehauss\u00e9e \u00e0 l&#8217;aquarelle \u00e0 l&#8217;\u00e9poque. Infimes taches et traces de plis. Bonnes marges. Planche pour le &#8220;Recueil de la Collection des Prix que la ci-devant Acad\u00e9mie d&#8217;Architecture proposait et couronnait tous les ans&#8221;, 1787-1796 (?)<\/p>\n","protected":false},"featured_media":22105,"template":"","meta":{"_acf_changed":false,"_et_pb_use_builder":"","_et_pb_old_content":"","_et_gb_content_width":"","inline_featured_image":false},"product_brand":[],"product_cat":[3673,3672,3674],"product_tag":[],"pa_product_author":[],"class_list":{"0":"post-22279","1":"product","2":"type-product","3":"status-publish","4":"has-post-thumbnail","6":"product_cat-18th-century","7":"product_cat-prints","8":"product_cat-french-school","10":"first","11":"instock","12":"shipping-taxable","13":"purchasable","14":"product-type-simple"},"acf":[],"_links":{"self":[{"href":"https:\/\/galerie-seydoux.fr\/en\/wp-json\/wp\/v2\/product\/22279","targetHints":{"allow":["GET"]}}],"collection":[{"href":"https:\/\/galerie-seydoux.fr\/en\/wp-json\/wp\/v2\/product"}],"about":[{"href":"https:\/\/galerie-seydoux.fr\/en\/wp-json\/wp\/v2\/types\/product"}],"wp:featuredmedia":[{"embeddable":true,"href":"https:\/\/galerie-seydoux.fr\/en\/wp-json\/wp\/v2\/media\/22105"}],"wp:attachment":[{"href":"https:\/\/galerie-seydoux.fr\/en\/wp-json\/wp\/v2\/media?parent=22279"}],"wp:term":[{"taxonomy":"product_brand","embeddable":true,"href":"https:\/\/galerie-seydoux.fr\/en\/wp-json\/wp\/v2\/product_brand?post=22279"},{"taxonomy":"product_cat","embeddable":true,"href":"https:\/\/galerie-seydoux.fr\/en\/wp-json\/wp\/v2\/product_cat?post=22279"},{"taxonomy":"product_tag","embeddable":true,"href":"https:\/\/galerie-seydoux.fr\/en\/wp-json\/wp\/v2\/product_tag?post=22279"},{"taxonomy":"pa_product_author","embeddable":true,"href":"https:\/\/galerie-seydoux.fr\/en\/wp-json\/wp\/v2\/pa_product_author?post=22279"}],"curies":[{"name":"wp","href":"https:\/\/api.w.org\/{rel}","templated":true}]}}