{"id":22278,"date":"2025-02-04T14:00:18","date_gmt":"2025-02-04T13:00:18","guid":{"rendered":"https:\/\/galerie-seydoux.fr\/?post_type=product&#038;p=22278"},"modified":"2025-05-07T14:05:28","modified_gmt":"2025-05-07T12:05:28","slug":"jan-de-bisschop-signorum-veterum-icones-1668","status":"publish","type":"product","link":"https:\/\/galerie-seydoux.fr\/en\/collections\/jan-de-bisschop-signorum-veterum-icones-1668\/","title":{"rendered":"Jan de BISSCHOP &#8211; Signorum Veterum Icones, 1668"},"content":{"rendered":"<p>Cf Hollstein n\u00b042-44. Premi\u00e8re partie (sur deux) contenant 50 planches d&#8217;apr\u00e8s les sculptures antiques et les quatre pages de texte, d\u00e9dicac\u00e9es \u00e0 C. Huygens. Dans une reliure cartonn\u00e9 (dos manquant) du 19e si\u00e8cle. Quelques taches rousses marginales, entrant dans le sujet de quelques planches. Il s&#8217;agit ici tr\u00e8s probablement de la premi\u00e8re \u00e9dition de 1668-69, et contient la description des plus belles statues antiques (le Laocoon, l&#8217;Hercule Farnese,&#8230;).<\/p>\n","protected":false},"excerpt":{"rendered":"<p>Cf Hollstein n\u00b042-44. Premi\u00e8re partie (sur deux) contenant 50 planches d&#8217;apr\u00e8s les sculptures antiques et les quatre pages de texte, d\u00e9dicac\u00e9es \u00e0 C. Huygens. Dans une reliure cartonn\u00e9 (dos manquant) du 19e si\u00e8cle. Quelques taches rousses marginales, entrant dans le sujet de quelques planches. Il s&#8217;agit ici tr\u00e8s probablement de la premi\u00e8re \u00e9dition de 1668-69, [&hellip;]<\/p>\n","protected":false},"featured_media":22165,"template":"","meta":{"_acf_changed":false,"_et_pb_use_builder":"","_et_pb_old_content":"","_et_gb_content_width":"","inline_featured_image":false},"product_brand":[],"product_cat":[3676,3672,3678],"product_tag":[],"pa_product_author":[],"class_list":{"0":"post-22278","1":"product","2":"type-product","3":"status-publish","4":"has-post-thumbnail","6":"product_cat-17th-century","7":"product_cat-prints","8":"product_cat-northern-school","10":"first","11":"outofstock","12":"shipping-taxable","13":"product-type-simple"},"acf":[],"_links":{"self":[{"href":"https:\/\/galerie-seydoux.fr\/en\/wp-json\/wp\/v2\/product\/22278","targetHints":{"allow":["GET"]}}],"collection":[{"href":"https:\/\/galerie-seydoux.fr\/en\/wp-json\/wp\/v2\/product"}],"about":[{"href":"https:\/\/galerie-seydoux.fr\/en\/wp-json\/wp\/v2\/types\/product"}],"wp:featuredmedia":[{"embeddable":true,"href":"https:\/\/galerie-seydoux.fr\/en\/wp-json\/wp\/v2\/media\/22165"}],"wp:attachment":[{"href":"https:\/\/galerie-seydoux.fr\/en\/wp-json\/wp\/v2\/media?parent=22278"}],"wp:term":[{"taxonomy":"product_brand","embeddable":true,"href":"https:\/\/galerie-seydoux.fr\/en\/wp-json\/wp\/v2\/product_brand?post=22278"},{"taxonomy":"product_cat","embeddable":true,"href":"https:\/\/galerie-seydoux.fr\/en\/wp-json\/wp\/v2\/product_cat?post=22278"},{"taxonomy":"product_tag","embeddable":true,"href":"https:\/\/galerie-seydoux.fr\/en\/wp-json\/wp\/v2\/product_tag?post=22278"},{"taxonomy":"pa_product_author","embeddable":true,"href":"https:\/\/galerie-seydoux.fr\/en\/wp-json\/wp\/v2\/pa_product_author?post=22278"}],"curies":[{"name":"wp","href":"https:\/\/api.w.org\/{rel}","templated":true}]}}