{"id":22274,"date":"2025-02-04T14:00:29","date_gmt":"2025-02-04T13:00:29","guid":{"rendered":"https:\/\/galerie-seydoux.fr\/?post_type=product&#038;p=22274"},"modified":"2025-03-20T15:23:41","modified_gmt":"2025-03-20T14:23:41","slug":"ecole-italienne-du-xviie-siecle-emblemes-dans-des-cartouches-ca-1650","status":"publish","type":"product","link":"https:\/\/galerie-seydoux.fr\/en\/collections\/ecole-italienne-du-xviie-siecle-emblemes-dans-des-cartouches-ca-1650\/","title":{"rendered":"\u00c9cole italienne du XVIIe si\u00e8cle &#8211; (Embl\u00e8mes dans des cartouches), ca 1650"},"content":{"rendered":"<p>Tr\u00e8s belles \u00e9preuves coup\u00e9es \u00e0 la marque du cuivre. Ensemble de quinze planches et une autre sans rapport. Contrecoll\u00e9es sur deux feuillets verg\u00e9s.<\/p>\n","protected":false},"excerpt":{"rendered":"<p>Tr\u00e8s belles \u00e9preuves coup\u00e9es \u00e0 la marque du cuivre. Ensemble de quinze planches et une autre sans rapport. Contrecoll\u00e9es sur deux feuillets verg\u00e9s.<\/p>\n","protected":false},"featured_media":22204,"template":"","meta":{"_acf_changed":false,"_et_pb_use_builder":"","_et_pb_old_content":"","_et_gb_content_width":"","inline_featured_image":false},"product_brand":[],"product_cat":[3676,3672,3675],"product_tag":[],"pa_product_author":[],"class_list":{"0":"post-22274","1":"product","2":"type-product","3":"status-publish","4":"has-post-thumbnail","6":"product_cat-17th-century","7":"product_cat-prints","8":"product_cat-italian-school","10":"first","11":"instock","12":"shipping-taxable","13":"purchasable","14":"product-type-simple"},"acf":[],"_links":{"self":[{"href":"https:\/\/galerie-seydoux.fr\/en\/wp-json\/wp\/v2\/product\/22274","targetHints":{"allow":["GET"]}}],"collection":[{"href":"https:\/\/galerie-seydoux.fr\/en\/wp-json\/wp\/v2\/product"}],"about":[{"href":"https:\/\/galerie-seydoux.fr\/en\/wp-json\/wp\/v2\/types\/product"}],"wp:featuredmedia":[{"embeddable":true,"href":"https:\/\/galerie-seydoux.fr\/en\/wp-json\/wp\/v2\/media\/22204"}],"wp:attachment":[{"href":"https:\/\/galerie-seydoux.fr\/en\/wp-json\/wp\/v2\/media?parent=22274"}],"wp:term":[{"taxonomy":"product_brand","embeddable":true,"href":"https:\/\/galerie-seydoux.fr\/en\/wp-json\/wp\/v2\/product_brand?post=22274"},{"taxonomy":"product_cat","embeddable":true,"href":"https:\/\/galerie-seydoux.fr\/en\/wp-json\/wp\/v2\/product_cat?post=22274"},{"taxonomy":"product_tag","embeddable":true,"href":"https:\/\/galerie-seydoux.fr\/en\/wp-json\/wp\/v2\/product_tag?post=22274"},{"taxonomy":"pa_product_author","embeddable":true,"href":"https:\/\/galerie-seydoux.fr\/en\/wp-json\/wp\/v2\/pa_product_author?post=22274"}],"curies":[{"name":"wp","href":"https:\/\/api.w.org\/{rel}","templated":true}]}}