{"id":22271,"date":"2025-02-04T14:00:48","date_gmt":"2025-02-04T13:00:48","guid":{"rendered":"https:\/\/galerie-seydoux.fr\/?post_type=product&#038;p=22271"},"modified":"2025-07-10T17:33:13","modified_gmt":"2025-07-10T15:33:13","slug":"edouard-vuillard-la-sieste-ou-la-convalescence-1893","status":"publish","type":"product","link":"https:\/\/galerie-seydoux.fr\/en\/collections\/edouard-vuillard-la-sieste-ou-la-convalescence-1893\/","title":{"rendered":"\u00c9douard VUILLARD &#8211; La Sieste ou la Convalescence, 1893"},"content":{"rendered":"<p>Roger-Marx nr 2 (II\/II). Good impression on wove paper printed in black and beige, published by &#8220;l&#8217;Estampe Originale&#8221; in 1893. L\u00e9g\u00e8res traces de plis souples en pied; slight oxydation and empoussi\u00e9rage; some slight small foxings claires. Good margins. Dry stamp of &#8220;l&#8217;Estampe Originale&#8221;. Edition of 100 impressions and some \u00e9preuves d&#8217;essai.<\/p>\n","protected":false},"excerpt":{"rendered":"<p>Roger-Marx nr 2 (II\/II). Good impression on wove paper printed in black and beige, published by &#8220;l&#8217;Estampe Originale&#8221; in 1893. L\u00e9g\u00e8res traces de plis souples en pied; slight oxydation and empoussi\u00e9rage; some slight small foxings claires. Good margins. Dry stamp of &#8220;l&#8217;Estampe Originale&#8221;. Edition of 100 impressions and some \u00e9preuves d&#8217;essai.<\/p>\n","protected":false},"featured_media":21994,"template":"","meta":{"_acf_changed":false,"_et_pb_use_builder":"","_et_pb_old_content":"","_et_gb_content_width":"","inline_featured_image":false},"product_brand":[],"product_cat":[3680,3672,3674],"product_tag":[],"pa_product_author":[],"class_list":{"0":"post-22271","1":"product","2":"type-product","3":"status-publish","4":"has-post-thumbnail","6":"product_cat-19th-century","7":"product_cat-prints","8":"product_cat-french-school","10":"first","11":"instock","12":"shipping-taxable","13":"purchasable","14":"product-type-simple"},"acf":[],"_links":{"self":[{"href":"https:\/\/galerie-seydoux.fr\/en\/wp-json\/wp\/v2\/product\/22271","targetHints":{"allow":["GET"]}}],"collection":[{"href":"https:\/\/galerie-seydoux.fr\/en\/wp-json\/wp\/v2\/product"}],"about":[{"href":"https:\/\/galerie-seydoux.fr\/en\/wp-json\/wp\/v2\/types\/product"}],"wp:featuredmedia":[{"embeddable":true,"href":"https:\/\/galerie-seydoux.fr\/en\/wp-json\/wp\/v2\/media\/21994"}],"wp:attachment":[{"href":"https:\/\/galerie-seydoux.fr\/en\/wp-json\/wp\/v2\/media?parent=22271"}],"wp:term":[{"taxonomy":"product_brand","embeddable":true,"href":"https:\/\/galerie-seydoux.fr\/en\/wp-json\/wp\/v2\/product_brand?post=22271"},{"taxonomy":"product_cat","embeddable":true,"href":"https:\/\/galerie-seydoux.fr\/en\/wp-json\/wp\/v2\/product_cat?post=22271"},{"taxonomy":"product_tag","embeddable":true,"href":"https:\/\/galerie-seydoux.fr\/en\/wp-json\/wp\/v2\/product_tag?post=22271"},{"taxonomy":"pa_product_author","embeddable":true,"href":"https:\/\/galerie-seydoux.fr\/en\/wp-json\/wp\/v2\/pa_product_author?post=22271"}],"curies":[{"name":"wp","href":"https:\/\/api.w.org\/{rel}","templated":true}]}}