{"id":22270,"date":"2025-02-04T14:00:38","date_gmt":"2025-02-04T13:00:38","guid":{"rendered":"https:\/\/galerie-seydoux.fr\/?post_type=product&#038;p=22270"},"modified":"2025-04-02T16:20:52","modified_gmt":"2025-04-02T14:20:52","slug":"mario-avati-nature-morte-aux-trois-pepins-1954","status":"publish","type":"product","link":"https:\/\/galerie-seydoux.fr\/en\/collections\/mario-avati-nature-morte-aux-trois-pepins-1954\/","title":{"rendered":"Mario AVATI &#8211; Nature morte aux trois p\u00e9pins, 1954"},"content":{"rendered":"<p>Tr\u00e8s belle \u00e9preuve sur v\u00e9lin, justifi\u00e9e, titr\u00e9e, sign\u00e9e et dat\u00e9e. Quelques tr\u00e8s l\u00e9g\u00e8res traces de plis marginales; quelques salissures au verso. Grandes marges.<\/p>\n","protected":false},"excerpt":{"rendered":"<p>Tr\u00e8s belle \u00e9preuve sur v\u00e9lin, justifi\u00e9e, titr\u00e9e, sign\u00e9e et dat\u00e9e. Quelques tr\u00e8s l\u00e9g\u00e8res traces de plis marginales; quelques salissures au verso. Grandes marges.<\/p>\n","protected":false},"featured_media":22094,"template":"","meta":{"_acf_changed":false,"_et_pb_use_builder":"","_et_pb_old_content":"","_et_gb_content_width":"","inline_featured_image":false},"product_brand":[],"product_cat":[3679,3672],"product_tag":[],"pa_product_author":[],"class_list":{"0":"post-22270","1":"product","2":"type-product","3":"status-publish","4":"has-post-thumbnail","6":"product_cat-20th-century","7":"product_cat-prints","9":"first","10":"outofstock","11":"shipping-taxable","12":"product-type-simple"},"acf":[],"_links":{"self":[{"href":"https:\/\/galerie-seydoux.fr\/en\/wp-json\/wp\/v2\/product\/22270","targetHints":{"allow":["GET"]}}],"collection":[{"href":"https:\/\/galerie-seydoux.fr\/en\/wp-json\/wp\/v2\/product"}],"about":[{"href":"https:\/\/galerie-seydoux.fr\/en\/wp-json\/wp\/v2\/types\/product"}],"wp:featuredmedia":[{"embeddable":true,"href":"https:\/\/galerie-seydoux.fr\/en\/wp-json\/wp\/v2\/media\/22094"}],"wp:attachment":[{"href":"https:\/\/galerie-seydoux.fr\/en\/wp-json\/wp\/v2\/media?parent=22270"}],"wp:term":[{"taxonomy":"product_brand","embeddable":true,"href":"https:\/\/galerie-seydoux.fr\/en\/wp-json\/wp\/v2\/product_brand?post=22270"},{"taxonomy":"product_cat","embeddable":true,"href":"https:\/\/galerie-seydoux.fr\/en\/wp-json\/wp\/v2\/product_cat?post=22270"},{"taxonomy":"product_tag","embeddable":true,"href":"https:\/\/galerie-seydoux.fr\/en\/wp-json\/wp\/v2\/product_tag?post=22270"},{"taxonomy":"pa_product_author","embeddable":true,"href":"https:\/\/galerie-seydoux.fr\/en\/wp-json\/wp\/v2\/pa_product_author?post=22270"}],"curies":[{"name":"wp","href":"https:\/\/api.w.org\/{rel}","templated":true}]}}