{"id":22269,"date":"2025-02-04T14:00:03","date_gmt":"2025-02-04T13:00:03","guid":{"rendered":"https:\/\/galerie-seydoux.fr\/?post_type=product&#038;p=22269"},"modified":"2025-03-20T15:38:07","modified_gmt":"2025-03-20T14:38:07","slug":"vespasiano-strada-ecce-homo-le-christ-pilate-et-sept-soldats-1617","status":"publish","type":"product","link":"https:\/\/galerie-seydoux.fr\/en\/collections\/vespasiano-strada-ecce-homo-le-christ-pilate-et-sept-soldats-1617\/","title":{"rendered":"Vespasiano STRADA &#8211; Ecce Homo, le Christ, Pilate et sept soldats, 1617"},"content":{"rendered":"<p>Bartsch Ill n\u00b038 (17).3 (I\/II). Superbe \u00e9preuve coup\u00e9e \u00e0 la marque du cuivre, du premier \u00e9tat (sur deux), avant l&#8217;adresse en t\u00eate. Coll\u00e9e par les angles droits sur verg\u00e9 ancien; restes de colle au verso; l\u00e9g\u00e8re oxydation du feuillet. Filigrane : trois monts surmont\u00e9s d&#8217;une croix dans un \u00e9cu.<\/p>\n","protected":false},"excerpt":{"rendered":"<p>Bartsch Ill n\u00b038 (17).3 (I\/II). Superbe \u00e9preuve coup\u00e9e \u00e0 la marque du cuivre, du premier \u00e9tat (sur deux), avant l&#8217;adresse en t\u00eate. Coll\u00e9e par les angles droits sur verg\u00e9 ancien; restes de colle au verso; l\u00e9g\u00e8re oxydation du feuillet. Filigrane : trois monts surmont\u00e9s d&#8217;une croix dans un \u00e9cu.<\/p>\n","protected":false},"featured_media":22221,"template":"","meta":{"_acf_changed":false,"_et_pb_use_builder":"","_et_pb_old_content":"","_et_gb_content_width":"","inline_featured_image":false},"product_brand":[],"product_cat":[3676,3672,3675],"product_tag":[],"pa_product_author":[],"class_list":{"0":"post-22269","1":"product","2":"type-product","3":"status-publish","4":"has-post-thumbnail","6":"product_cat-17th-century","7":"product_cat-prints","8":"product_cat-italian-school","10":"first","11":"instock","12":"shipping-taxable","13":"purchasable","14":"product-type-simple"},"acf":[],"_links":{"self":[{"href":"https:\/\/galerie-seydoux.fr\/en\/wp-json\/wp\/v2\/product\/22269","targetHints":{"allow":["GET"]}}],"collection":[{"href":"https:\/\/galerie-seydoux.fr\/en\/wp-json\/wp\/v2\/product"}],"about":[{"href":"https:\/\/galerie-seydoux.fr\/en\/wp-json\/wp\/v2\/types\/product"}],"wp:featuredmedia":[{"embeddable":true,"href":"https:\/\/galerie-seydoux.fr\/en\/wp-json\/wp\/v2\/media\/22221"}],"wp:attachment":[{"href":"https:\/\/galerie-seydoux.fr\/en\/wp-json\/wp\/v2\/media?parent=22269"}],"wp:term":[{"taxonomy":"product_brand","embeddable":true,"href":"https:\/\/galerie-seydoux.fr\/en\/wp-json\/wp\/v2\/product_brand?post=22269"},{"taxonomy":"product_cat","embeddable":true,"href":"https:\/\/galerie-seydoux.fr\/en\/wp-json\/wp\/v2\/product_cat?post=22269"},{"taxonomy":"product_tag","embeddable":true,"href":"https:\/\/galerie-seydoux.fr\/en\/wp-json\/wp\/v2\/product_tag?post=22269"},{"taxonomy":"pa_product_author","embeddable":true,"href":"https:\/\/galerie-seydoux.fr\/en\/wp-json\/wp\/v2\/pa_product_author?post=22269"}],"curies":[{"name":"wp","href":"https:\/\/api.w.org\/{rel}","templated":true}]}}