{"id":22267,"date":"2025-02-04T14:00:31","date_gmt":"2025-02-04T13:00:31","guid":{"rendered":"https:\/\/galerie-seydoux.fr\/?post_type=product&#038;p=22267"},"modified":"2025-03-20T15:21:50","modified_gmt":"2025-03-20T14:21:50","slug":"raoul-du-gardier-enfant-jouant-sur-le-sable-ca-1906","status":"publish","type":"product","link":"https:\/\/galerie-seydoux.fr\/en\/collections\/raoul-du-gardier-enfant-jouant-sur-le-sable-ca-1906\/","title":{"rendered":"Raoul du GARDIER &#8211; Enfant jouant sur le sable, ca 1906"},"content":{"rendered":"<p>Belle \u00e9preuve sur verg\u00e9 imprim\u00e9e en brun et rouge, justifi\u00e9e et sign\u00e9e. Trace de passe-partout \u00e0 l&#8217;ouverture d&#8217;un ancien montage; l\u00e9g\u00e8re trace de pli vertical et petite cassure. Tirage \u00e0 25 \u00e9preuves. Belles marges.<\/p>\n","protected":false},"excerpt":{"rendered":"<p>Belle \u00e9preuve sur verg\u00e9 imprim\u00e9e en brun et rouge, justifi\u00e9e et sign\u00e9e. Trace de passe-partout \u00e0 l&#8217;ouverture d&#8217;un ancien montage; l\u00e9g\u00e8re trace de pli vertical et petite cassure. Tirage \u00e0 25 \u00e9preuves. Belles marges.<\/p>\n","protected":false},"featured_media":22102,"template":"","meta":{"_acf_changed":false,"_et_pb_use_builder":"","_et_pb_old_content":"","_et_gb_content_width":"","inline_featured_image":false},"product_brand":[],"product_cat":[3679,3672,3674],"product_tag":[],"pa_product_author":[1524],"class_list":{"0":"post-22267","1":"product","2":"type-product","3":"status-publish","4":"has-post-thumbnail","6":"product_cat-20th-century","7":"product_cat-prints","8":"product_cat-french-school","9":"pa_product_author-raoul-du-gardier-en","11":"first","12":"outofstock","13":"shipping-taxable","14":"product-type-simple"},"acf":[],"_links":{"self":[{"href":"https:\/\/galerie-seydoux.fr\/en\/wp-json\/wp\/v2\/product\/22267","targetHints":{"allow":["GET"]}}],"collection":[{"href":"https:\/\/galerie-seydoux.fr\/en\/wp-json\/wp\/v2\/product"}],"about":[{"href":"https:\/\/galerie-seydoux.fr\/en\/wp-json\/wp\/v2\/types\/product"}],"wp:featuredmedia":[{"embeddable":true,"href":"https:\/\/galerie-seydoux.fr\/en\/wp-json\/wp\/v2\/media\/22102"}],"wp:attachment":[{"href":"https:\/\/galerie-seydoux.fr\/en\/wp-json\/wp\/v2\/media?parent=22267"}],"wp:term":[{"taxonomy":"product_brand","embeddable":true,"href":"https:\/\/galerie-seydoux.fr\/en\/wp-json\/wp\/v2\/product_brand?post=22267"},{"taxonomy":"product_cat","embeddable":true,"href":"https:\/\/galerie-seydoux.fr\/en\/wp-json\/wp\/v2\/product_cat?post=22267"},{"taxonomy":"product_tag","embeddable":true,"href":"https:\/\/galerie-seydoux.fr\/en\/wp-json\/wp\/v2\/product_tag?post=22267"},{"taxonomy":"pa_product_author","embeddable":true,"href":"https:\/\/galerie-seydoux.fr\/en\/wp-json\/wp\/v2\/pa_product_author?post=22267"}],"curies":[{"name":"wp","href":"https:\/\/api.w.org\/{rel}","templated":true}]}}